{"id":1001,"date":"2021-04-15T15:22:25","date_gmt":"2021-04-15T13:22:25","guid":{"rendered":"https:\/\/dashboard-socfin.emblematik.dev\/?page_id=1001"},"modified":"2024-09-26T10:53:11","modified_gmt":"2024-09-26T08:53:11","slug":"socapalm","status":"publish","type":"page","link":"https:\/\/www.socfin.com\/dashboard\/plantations\/socapalm\/","title":{"rendered":"Socapalm"},"content":{"rendered":"<p>[et_pb_section fb_built=&#8221;1&#8243; fullwidth=&#8221;on&#8221; _builder_version=&#8221;4.16&#8243; _module_preset=&#8221;default&#8221; global_colors_info=&#8221;{}&#8221;][et_pb_fullwidth_header text_orientation=&#8221;center&#8221; background_overlay_color=&#8221;rgba(0,0,0,0.4)&#8221; _builder_version=&#8221;4.16&#8243; _module_preset=&#8221;default&#8221; content_font_size=&#8221;20px&#8221; background_color=&#8221;RGBA(0,0,0,0)&#8221; background_image=&#8221;http:\/\/socfin.com\/dashboard\/wp-content\/uploads\/2021\/02\/0.-Cover-scaled.jpg&#8221; height=&#8221;275px&#8221; global_colors_info=&#8221;{}&#8221;][\/et_pb_fullwidth_header][\/et_pb_section][et_pb_section fb_built=&#8221;1&#8243; _builder_version=&#8221;4.16&#8243; _module_preset=&#8221;default&#8221; global_colors_info=&#8221;{}&#8221;][et_pb_row column_structure=&#8221;1_2,1_2&#8243; _builder_version=&#8221;4.16&#8243; _module_preset=&#8221;default&#8221; global_colors_info=&#8221;{}&#8221;][et_pb_column type=&#8221;1_2&#8243; _builder_version=&#8221;4.16&#8243; _module_preset=&#8221;default&#8221; global_colors_info=&#8221;{}&#8221;][et_pb_text _builder_version=&#8221;4.16&#8243; _dynamic_attributes=&#8221;content&#8221; _module_preset=&#8221;default&#8221; height=&#8221;3rem&#8221; custom_margin=&#8221;||15px||false|false&#8221; global_colors_info=&#8221;{}&#8221;]@ET-DC@eyJkeW5hbWljIjp0cnVlLCJjb250ZW50IjoicG9zdF90aXRsZSIsInNldHRpbmdzIjp7ImJlZm9yZSI6IjxoMT4iLCJhZnRlciI6IjwvaDE+In19@[\/et_pb_text][et_pb_text _builder_version=&#8221;4.26.1&#8243; _module_preset=&#8221;default&#8221; text_text_color=&#8221;#FFFFFF&#8221; background_color=&#8221;#00A850&#8243; custom_padding=&#8221;1rem||1rem|1rem|true|false&#8221; global_colors_info=&#8221;{}&#8221;]<\/p>\n<p><strong>Chiffres cl\u00e9s au 31\/12\/2023<\/strong><\/p>\n<p>[\/et_pb_text][\/et_pb_column][et_pb_column type=&#8221;1_2&#8243; disabled_on=&#8221;on|on|off&#8221; _builder_version=&#8221;4.16&#8243; _module_preset=&#8221;default&#8221; global_colors_info=&#8221;{}&#8221;][\/et_pb_column][\/et_pb_row][et_pb_row column_structure=&#8221;1_4,1_4,1_2&#8243; _builder_version=&#8221;4.16&#8243; _module_preset=&#8221;default&#8221; custom_padding=&#8221;0px|||||&#8221; global_colors_info=&#8221;{}&#8221;][et_pb_column type=&#8221;1_4&#8243; _builder_version=&#8221;4.16&#8243; _module_preset=&#8221;default&#8221; global_colors_info=&#8221;{}&#8221;][et_pb_blurb image=&#8221;http:\/\/socfin.com\/dashboard\/wp-content\/uploads\/2022\/06\/SOCFIN_ICONS_HISTORY.png&#8221; module_class=&#8221;blurbMaxImage&#8221; _builder_version=&#8221;4.26.1&#8243; _module_preset=&#8221;default&#8221; height=&#8221;10rem&#8221; global_colors_info=&#8221;{}&#8221;]<\/p>\n<p style=\"text-align: center;\">Acquise par Socfin en 2000<\/p>\n<p>[\/et_pb_blurb][et_pb_blurb image=&#8221;http:\/\/socfin.com\/dashboard\/wp-content\/uploads\/2021\/08\/2021-06-29-Icone-concession-2.png&#8221; module_class=&#8221;blurbMaxImage&#8221; _builder_version=&#8221;4.26.1&#8243; _module_preset=&#8221;default&#8221; height=&#8221;10rem&#8221; global_colors_info=&#8221;{}&#8221;]<\/p>\n<p style=\"text-align: center;\">Concession de 58 063 ha<br \/>6 sites<\/p>\n<p>[\/et_pb_blurb][et_pb_blurb image=&#8221;http:\/\/socfin.com\/dashboard\/wp-content\/uploads\/2022\/06\/SOCFIN_ICONS_PALM-FACTORY.png&#8221; module_class=&#8221;blurbMaxImage&#8221; _builder_version=&#8221;4.26.1&#8243; _module_preset=&#8221;default&#8221; height=&#8221;10rem&#8221; global_colors_info=&#8221;{}&#8221;]<\/p>\n<p style=\"text-align: center;\">6 huileries<\/p>\n<p>[\/et_pb_blurb][et_pb_blurb image=&#8221;http:\/\/socfin.com\/dashboard\/wp-content\/uploads\/2022\/06\/SOCFIN_ICONS_HEVEA.png&#8221; module_class=&#8221;blurbMaxImage&#8221; _builder_version=&#8221;4.26.1&#8243; _module_preset=&#8221;default&#8221; height=&#8221;10rem&#8221; global_colors_info=&#8221;{}&#8221;]<\/p>\n<p style=\"text-align: center;\">1 936 ha d\u2019h\u00e9v\u00e9as<\/p>\n<p>[\/et_pb_blurb][et_pb_blurb image=&#8221;http:\/\/socfin.com\/dashboard\/wp-content\/uploads\/2021\/09\/Sac-semences.png&#8221; module_class=&#8221;blurbMaxImage&#8221; _builder_version=&#8221;4.26.1&#8243; _module_preset=&#8221;default&#8221; height=&#8221;10rem&#8221; global_colors_info=&#8221;{}&#8221;]<\/p>\n<p style=\"text-align: center;\">Production de 3,46 millions de semences via Camseeds<\/p>\n<p>[\/et_pb_blurb][\/et_pb_column][et_pb_column type=&#8221;1_4&#8243; _builder_version=&#8221;4.16&#8243; _module_preset=&#8221;default&#8221; global_colors_info=&#8221;{}&#8221;][et_pb_blurb image=&#8221;http:\/\/socfin.com\/dashboard\/wp-content\/uploads\/2022\/06\/SOCFIN_ICONS_CONTRACT.png&#8221; module_class=&#8221;blurbMaxImage&#8221; _builder_version=&#8221;4.26.1&#8243; _module_preset=&#8221;default&#8221; height=&#8221;10rem&#8221; global_colors_info=&#8221;{}&#8221;]<\/p>\n<p style=\"text-align: center;\">Domaine de l\u2019\u00c9tat, bail emphyt\u00e9otique<\/p>\n<p>[\/et_pb_blurb][et_pb_blurb image=&#8221;http:\/\/socfin.com\/dashboard\/wp-content\/uploads\/2022\/06\/SOCFIN_ICONS_PALM-TREE.png&#8221; module_class=&#8221;blurbMaxImage&#8221; _builder_version=&#8221;4.26.1&#8243; _module_preset=&#8221;default&#8221; height=&#8221;10rem&#8221; global_colors_info=&#8221;{}&#8221;]<\/p>\n<p style=\"text-align: center;\">32 433 ha de palmiers \u00e0 huile<\/p>\n<p>[\/et_pb_blurb][et_pb_blurb image=&#8221;http:\/\/socfin.com\/dashboard\/wp-content\/uploads\/2022\/06\/SOCFIN_ICONS_Drop-Palm-oil.png&#8221; module_class=&#8221;blurbMaxImage&#8221; _builder_version=&#8221;4.26.1&#8243; _module_preset=&#8221;default&#8221; height=&#8221;10rem&#8221; global_colors_info=&#8221;{}&#8221;]<\/p>\n<p style=\"text-align: center;\">Production de 138 783 T d\u2019huile de palme<\/p>\n<p>[\/et_pb_blurb][et_pb_blurb image=&#8221;http:\/\/socfin.com\/dashboard\/wp-content\/uploads\/2022\/06\/SOCFIN_ICONS_WET-RUBBER.png&#8221; module_class=&#8221;blurbMaxImage&#8221; _builder_version=&#8221;4.26.1&#8243; _module_preset=&#8221;default&#8221; height=&#8221;10rem&#8221; global_colors_info=&#8221;{}&#8221;]<\/p>\n<p style=\"text-align: center;\">Production de 2 499 T de caoutchouc<\/p>\n<p>[\/et_pb_blurb][et_pb_blurb image=&#8221;http:\/\/socfin.com\/dashboard\/wp-content\/uploads\/2022\/06\/SOCFIN_ICONS_COMMITMENT-EMPLOYEES.png&#8221; module_class=&#8221;blurbMaxImage&#8221; _builder_version=&#8221;4.26.1&#8243; _module_preset=&#8221;default&#8221; height=&#8221;10rem&#8221; locked=&#8221;off&#8221; global_colors_info=&#8221;{}&#8221;]<\/p>\n<p style=\"text-align: center;\">8 369 emplois<\/p>\n<p>[\/et_pb_blurb][\/et_pb_column][et_pb_column type=&#8221;1_2&#8243; _builder_version=&#8221;4.16&#8243; _module_preset=&#8221;default&#8221; vertical_offset=&#8221;-90px&#8221; vertical_offset_tablet=&#8221;0px&#8221; vertical_offset_phone=&#8221;&#8221; vertical_offset_last_edited=&#8221;on|phone&#8221; custom_padding=&#8221;||||false|false&#8221; global_colors_info=&#8221;{}&#8221;][et_pb_text _builder_version=&#8221;4.26.1&#8243; _module_preset=&#8221;default&#8221; background_color=&#8221;#00A850&#8243; background_layout=&#8221;dark&#8221; custom_padding=&#8221;30px|30px|30px|30px|true|false&#8221; custom_padding_tablet=&#8221;|15px||15px|true|false&#8221; custom_padding_phone=&#8221;&#8221; custom_padding_last_edited=&#8221;on|tablet&#8221; global_colors_info=&#8221;{}&#8221;]<\/p>\n<h2>Liens<\/h2>\n<ul>\n<li><a href=\"https:\/\/socfin.com\/implantations\/socapalm\/\" target=\"_blank\" rel=\"noopener noreferrer\">Plantation de Socapalm<\/a><\/li>\n<li><a href=\"https:\/\/www.socfin.com\/fr\/certifications\" target=\"_blank\" rel=\"noopener noreferrer\">Certificats<\/a><\/li>\n<\/ul>\n<p>[\/et_pb_text][et_pb_text module_class=&#8221;filter-buttons&#8221; _builder_version=&#8221;4.16&#8243; _module_preset=&#8221;default&#8221; background_color=&#8221;#383838&#8243; background_layout=&#8221;dark&#8221; custom_margin=&#8221;||0px||false|false&#8221; custom_padding=&#8221;30px|30px|20px|30px|false|false&#8221; custom_padding_tablet=&#8221;30px|15px|20px|15px|false|false&#8221; custom_padding_phone=&#8221;&#8221; custom_padding_last_edited=&#8221;on|tablet&#8221; global_colors_info=&#8221;{}&#8221;]<\/p>\n<h2>Documents<\/h2>\n<p>[\/et_pb_text][et_pb_tabs active_tab_background_color=&#8221;#FFFFFF&#8221; inactive_tab_background_color=&#8221;#00A850&#8243; active_tab_text_color=&#8221;#00A850&#8243; module_class=&#8221;filter-files-tabs forceBulletPoint&#8221; _builder_version=&#8221;4.26.1&#8243; _module_preset=&#8221;default&#8221; tab_text_color=&#8221;#FFFFFF&#8221; body_text_color=&#8221;#FFFFFF&#8221; tab_font_size=&#8221;16px&#8221; background_color=&#8221;#383838&#8243; custom_padding=&#8221;13px|30px|40px|30px|false|false&#8221; custom_padding_tablet=&#8221;|15px|30px|15px|false|false&#8221; custom_padding_phone=&#8221;&#8221; custom_padding_last_edited=&#8221;on|desktop&#8221; global_colors_info=&#8221;{}&#8221;][et_pb_tab title=&#8221;Rapport&#8221; _builder_version=&#8221;4.24.2&#8243; _module_preset=&#8221;default&#8221; global_colors_info=&#8221;{}&#8221;]<\/p>\n<ul>\n<li><a href=\"http:\/\/socfin.com\/dashboard\/wp-content\/uploads\/2024\/05\/2023-Socapalm-Rapport-developpement-durable.pdf\" rel=\"attachment noopener wp-att-4691\" target=\"_blank\">Rapport d\u00e9veloppement durable (2023)<\/a><\/li>\n<\/ul>\n<p>[\/et_pb_tab][et_pb_tab title=&#8221;Tra\u00e7abilit\u00e9&#8221; _builder_version=&#8221;4.26.1&#8243; _module_preset=&#8221;default&#8221; body_ul_item_indent=&#8221;30px&#8221; body_ul_text_color=&#8221;#FFFFFF&#8221; global_colors_info=&#8221;{}&#8221;]<\/p>\n<ul>\n<li><a href=\"http:\/\/socfin.com\/dashboard\/wp-content\/uploads\/2021\/09\/2020-Socapalm-Mbongo-FFB-traceability-data.pdf\" rel=\"attachment wp-att-1314 noopener noreferrer\" target=\"_blank\"><\/a><a href=\"http:\/\/socfin.com\/dashboard\/wp-content\/uploads\/2024\/08\/2023-Socapalm-Dibombari-FFB-traceability-data-1.pdf\" rel=\"attachment noopener wp-att-4990\" target=\"_blank\">Tra\u00e7abilit\u00e9 &#8211; huile de palme &#8211; Dibombari (2023)<\/a><br \/><a href=\"http:\/\/socfin.com\/dashboard\/wp-content\/uploads\/2021\/09\/2020-Socapalm-Mbongo-FFB-traceability-data.pdf\" rel=\"attachment wp-att-1314 noopener noreferrer\" target=\"_blank\"><\/a><\/li>\n<li><a href=\"http:\/\/socfin.com\/dashboard\/wp-content\/uploads\/2024\/08\/2023-Socapalm-Edea-FFB-traceability-data-1.pdf\" rel=\"attachment noopener wp-att-4991\" target=\"_blank\">Tra\u00e7abilit\u00e9 &#8211; huile de palme &#8211; Ed\u00e9a (2023)<\/a><\/li>\n<li><a href=\"http:\/\/socfin.com\/dashboard\/wp-content\/uploads\/2024\/08\/2023-Socapalm-Eseka-FFB-traceability-data-1.pdf\" rel=\"attachment noopener wp-att-4992\" target=\"_blank\">Tra\u00e7abilit\u00e9 &#8211; huile de palme &#8211; Es\u00e9ka (2023)<\/a><\/li>\n<li><a href=\"http:\/\/socfin.com\/dashboard\/wp-content\/uploads\/2024\/08\/2023-Socapalm-Kienke-FFB-traceability-data-1.pdf\" rel=\"attachment noopener wp-att-4993\" target=\"_blank\">Tra\u00e7abilit\u00e9 &#8211; huile de palme &#8211; Kienk\u00e9 (2023)<\/a><\/li>\n<li><a href=\"http:\/\/socfin.com\/dashboard\/wp-content\/uploads\/2024\/08\/2023-Socapalm-Mbambou-FFB-traceability-data-1.pdf\" rel=\"attachment noopener wp-att-4995\" target=\"_blank\">Tra\u00e7abilit\u00e9 &#8211; huile de palme &#8211; Mbambou (2023)<\/a><\/li>\n<li><a href=\"http:\/\/socfin.com\/dashboard\/wp-content\/uploads\/2024\/08\/2023-Socapalm-Mbongo-FFB-traceability-data-1.pdf\" rel=\"attachment noopener wp-att-4996\" target=\"_blank\">Tra\u00e7abilit\u00e9 &#8211; huile de palme &#8211; Mbongo (2023)<\/a><\/li>\n<\/ul>\n<p>[\/et_pb_tab][et_pb_tab title=&#8221;Cartes&#8221; _builder_version=&#8221;4.26.1&#8243; _module_preset=&#8221;default&#8221; body_ul_item_indent=&#8221;30px&#8221; body_ul_text_color=&#8221;#FFFFFF&#8221; global_colors_info=&#8221;{}&#8221;]<\/p>\n<ul>\n<li><a href=\"http:\/\/socfin.com\/dashboard\/wp-content\/uploads\/2021\/09\/2020-Socapalm-Mbongo-FFB-traceability-data.pdf\" rel=\"attachment wp-att-1314 noopener noreferrer\" target=\"_blank\"><\/a><a href=\"http:\/\/socfin.com\/dashboard\/wp-content\/uploads\/2022\/03\/2020-Socapalm_Dibombari-Concession-map_Comment.pdf\" rel=\"attachment noopener wp-att-3352\" target=\"_blank\">Carte &#8211; Socapalm &#8211; Dibombari<\/a><\/li>\n<li><a href=\"http:\/\/socfin.com\/dashboard\/wp-content\/uploads\/2022\/03\/2022-Socapalm_Edea-Concession-map_Comment.pdf\" rel=\"attachment noopener wp-att-3353\" target=\"_blank\">Carte &#8211; Socapalm &#8211; Ed\u00e9a<\/a><\/li>\n<li><a href=\"http:\/\/socfin.com\/dashboard\/wp-content\/uploads\/2022\/03\/2022-Socapalm_Kienke-Concession-map_Comment.pdf\" rel=\"attachment noopener wp-att-3354\" target=\"_blank\">Carte &#8211; Socapalm &#8211; Kienk\u00e9<\/a><\/li>\n<li><a href=\"http:\/\/socfin.com\/dashboard\/wp-content\/uploads\/2022\/03\/2020-Socapalm_Mbambou-Concession-map_Comment.pdf\" rel=\"attachment noopener wp-att-3355\" target=\"_blank\">Carte &#8211; Socapalm &#8211; Mbambou<\/a><\/li>\n<li><a href=\"http:\/\/socfin.com\/dashboard\/wp-content\/uploads\/2022\/03\/2020-Socapalm_Mbongo-Concession-map_Comment.pdf\" rel=\"attachment noopener wp-att-3356\" target=\"_blank\">Carte &#8211; Socapalm &#8211; Mbongo<\/a><\/li>\n<\/ul>\n<p>[\/et_pb_tab][\/et_pb_tabs][\/et_pb_column][\/et_pb_row][et_pb_row column_structure=&#8221;1_2,1_2&#8243; _builder_version=&#8221;4.16&#8243; _module_preset=&#8221;default&#8221; global_colors_info=&#8221;{}&#8221;][et_pb_column type=&#8221;1_2&#8243; _builder_version=&#8221;4.16&#8243; _module_preset=&#8221;default&#8221; global_colors_info=&#8221;{}&#8221;][et_pb_text _builder_version=&#8221;4.26.1&#8243; _module_preset=&#8221;default&#8221; text_text_color=&#8221;#FFFFFF&#8221; background_color=&#8221;#636466&#8243; min_height=&#8221;21px&#8221; global_colors_info=&#8221;{}&#8221;]<\/p>\n<p style=\"text-align: center;\">Carte de la concession de la plantation de Socapalm<\/p>\n<p>[\/et_pb_text][et_pb_image src=&#8221;http:\/\/socfin.com\/dashboard\/wp-content\/uploads\/2021\/09\/2017-Socapalm-Carte.jpg&#8221; title_text=&#8221;2017 &#8211; Socapalm &#8211; Carte&#8221; _builder_version=&#8221;4.16&#8243; _module_preset=&#8221;default&#8221; global_colors_info=&#8221;{}&#8221;][\/et_pb_image][\/et_pb_column][et_pb_column type=&#8221;1_2&#8243; _builder_version=&#8221;4.16&#8243; _module_preset=&#8221;default&#8221; global_colors_info=&#8221;{}&#8221;][\/et_pb_column][\/et_pb_row][et_pb_row _builder_version=&#8221;4.16&#8243; _module_preset=&#8221;default&#8221; global_colors_info=&#8221;{}&#8221;][et_pb_column type=&#8221;4_4&#8243; _builder_version=&#8221;4.16&#8243; _module_preset=&#8221;default&#8221; global_colors_info=&#8221;{}&#8221;][et_pb_text module_class=&#8221;table-content&#8221; _builder_version=&#8221;4.27.0&#8243; _module_preset=&#8221;default&#8221; hover_enabled=&#8221;0&#8243; global_colors_info=&#8221;{}&#8221; sticky_enabled=&#8221;0&#8243;]<\/p>\n<table>\n<tbody>\n<tr>\n<td><\/td>\n<td>Certifications<\/td>\n<td>Objectif<\/td>\n<td>Statut<\/td>\n<\/tr>\n<tr>\n<td>\n<img loading=\"lazy\" decoding=\"async\" src=\"http:\/\/socfin.com\/dashboard\/wp-content\/uploads\/2021\/02\/image-023-296x300.png\" width=\"50\" height=\"51\" alt=\"RSPO\" class=\"wp-image-126 alignnone size-medium\" style=\"display: block; margin-left: auto; margin-right: auto;\" srcset=\"https:\/\/www.socfin.com\/dashboard\/wp-content\/uploads\/2021\/02\/image-023-296x300.png 296w, https:\/\/www.socfin.com\/dashboard\/wp-content\/uploads\/2021\/02\/image-023-150x150.png 150w, https:\/\/www.socfin.com\/dashboard\/wp-content\/uploads\/2021\/02\/image-023.png 395w\" sizes=\"(max-width: 50px) 100vw, 50px\" \/>\n<p style=\"text-align: center;\">1-0269-19-100-00<\/p>\n<\/td>\n<td>RSPO<\/td>\n<td>\n<ol>\n<li>Dibomabri &#8211; 2022<\/li>\n<li>Ed\u00e9a &#8211; 2022<\/li>\n<li>Es\u00e9ka &#8211; 2021<\/li>\n<li>Kienk\u00e9 &#8211; 2022<\/li>\n<li>Mbambou &#8211; 2021<\/li>\n<li>Mbongo &#8211; 2021<\/li>\n<\/ol>\n<\/td>\n<td>\n<ol>\n<li>Atteint et valide jusqu\u2019au 28 mars 2027<\/li>\n<li>Atteint et valide jusqu\u2019au 19 avril 2027<\/li>\n<li>Atteint et valide jusqu&#8217;au 1er juin 2026<\/li>\n<li>Atteint et valide jusqu&#8217;au 17 f\u00e9vrier 2028<\/li>\n<li>Atteint et valide jusqu&#8217;au 6 d\u00e9cembre 2026<\/li>\n<li>Atteint et valide jusqu&#8217;au 1er novembre 2026<\/li>\n<\/ol>\n<\/td>\n<\/tr>\n<tr>\n<td><img loading=\"lazy\" decoding=\"async\" src=\"http:\/\/socfin.com\/dashboard\/wp-content\/uploads\/2021\/09\/Logo_Iso.gif\" width=\"50\" height=\"46\" alt=\"\" class=\"wp-image-1418 alignnone size-full\" style=\"display: block; margin-left: auto; margin-right: auto;\" \/><\/td>\n<td>ISO 14001<\/td>\n<td>2014<\/td>\n<td>Atteint et valide jusqu&#8217;au 4 mars 2026<\/td>\n<\/tr>\n<\/tbody>\n<\/table>\n<p>[\/et_pb_text][\/et_pb_column][\/et_pb_row][\/et_pb_section]<\/p>\n","protected":false},"excerpt":{"rendered":"<p>Chiffres cl\u00e9s au 31\/12\/2023Acquise par Socfin en 2000Concession de 58 063 ha6 sites6 huileries1 936 ha d\u2019h\u00e9v\u00e9asProduction de 3,46 millions de semences via CamseedsDomaine de l\u2019\u00c9tat, bail emphyt\u00e9otique32 433 ha de palmiers \u00e0 huileProduction de 138 783 T d\u2019huile de palmeProduction de 2 499 T de caoutchouc8 369 emploisLiens Plantation de Socapalm Certificats Documents Rapport [&hellip;]<\/p>\n","protected":false},"author":2,"featured_media":0,"parent":218,"menu_order":0,"comment_status":"closed","ping_status":"closed","template":"","meta":{"_et_pb_use_builder":"on","_et_pb_old_content":"","_et_gb_content_width":"","inline_featured_image":false,"footnotes":""},"class_list":["post-1001","page","type-page","status-publish","hentry"],"_links":{"self":[{"href":"https:\/\/www.socfin.com\/dashboard\/wp-json\/wp\/v2\/pages\/1001","targetHints":{"allow":["GET"]}}],"collection":[{"href":"https:\/\/www.socfin.com\/dashboard\/wp-json\/wp\/v2\/pages"}],"about":[{"href":"https:\/\/www.socfin.com\/dashboard\/wp-json\/wp\/v2\/types\/page"}],"author":[{"embeddable":true,"href":"https:\/\/www.socfin.com\/dashboard\/wp-json\/wp\/v2\/users\/2"}],"replies":[{"embeddable":true,"href":"https:\/\/www.socfin.com\/dashboard\/wp-json\/wp\/v2\/comments?post=1001"}],"version-history":[{"count":22,"href":"https:\/\/www.socfin.com\/dashboard\/wp-json\/wp\/v2\/pages\/1001\/revisions"}],"predecessor-version":[{"id":5255,"href":"https:\/\/www.socfin.com\/dashboard\/wp-json\/wp\/v2\/pages\/1001\/revisions\/5255"}],"up":[{"embeddable":true,"href":"https:\/\/www.socfin.com\/dashboard\/wp-json\/wp\/v2\/pages\/218"}],"wp:attachment":[{"href":"https:\/\/www.socfin.com\/dashboard\/wp-json\/wp\/v2\/media?parent=1001"}],"curies":[{"name":"wp","href":"https:\/\/api.w.org\/{rel}","templated":true}]}}