{"id":1016,"date":"2021-04-15T15:36:18","date_gmt":"2021-04-15T13:36:18","guid":{"rendered":"https:\/\/dashboard-socfin.emblematik.dev\/?page_id=1016"},"modified":"2025-07-01T09:49:23","modified_gmt":"2025-07-01T07:49:23","slug":"socfindo","status":"publish","type":"page","link":"https:\/\/www.socfin.com\/dashboard\/plantations\/socfindo\/","title":{"rendered":"Socfindo"},"content":{"rendered":"<p>[et_pb_section fb_built=&#8221;1&#8243; fullwidth=&#8221;on&#8221; _builder_version=&#8221;4.16&#8243; _module_preset=&#8221;default&#8221; global_colors_info=&#8221;{}&#8221;][et_pb_fullwidth_header text_orientation=&#8221;center&#8221; background_overlay_color=&#8221;rgba(0,0,0,0.4)&#8221; _builder_version=&#8221;4.16&#8243; _module_preset=&#8221;default&#8221; content_font_size=&#8221;20px&#8221; background_color=&#8221;RGBA(0,0,0,0)&#8221; background_image=&#8221;http:\/\/socfin.com\/dashboard\/wp-content\/uploads\/2021\/02\/0.-Cover-scaled.jpg&#8221; height=&#8221;275px&#8221; global_colors_info=&#8221;{}&#8221;][\/et_pb_fullwidth_header][\/et_pb_section][et_pb_section fb_built=&#8221;1&#8243; _builder_version=&#8221;4.16&#8243; _module_preset=&#8221;default&#8221; global_colors_info=&#8221;{}&#8221;][et_pb_row column_structure=&#8221;1_2,1_2&#8243; _builder_version=&#8221;4.16&#8243; _module_preset=&#8221;default&#8221; global_colors_info=&#8221;{}&#8221;][et_pb_column type=&#8221;1_2&#8243; _builder_version=&#8221;4.16&#8243; _module_preset=&#8221;default&#8221; global_colors_info=&#8221;{}&#8221;][et_pb_text _builder_version=&#8221;4.16&#8243; _dynamic_attributes=&#8221;content&#8221; _module_preset=&#8221;default&#8221; height=&#8221;3rem&#8221; custom_margin=&#8221;||15px||false|false&#8221; global_colors_info=&#8221;{}&#8221;]@ET-DC@eyJkeW5hbWljIjp0cnVlLCJjb250ZW50IjoicG9zdF90aXRsZSIsInNldHRpbmdzIjp7ImJlZm9yZSI6IjxoMT4iLCJhZnRlciI6IjwvaDE+In19@[\/et_pb_text][et_pb_text _builder_version=&#8221;4.26.1&#8243; _module_preset=&#8221;default&#8221; text_text_color=&#8221;#FFFFFF&#8221; background_color=&#8221;#00A850&#8243; custom_padding=&#8221;1rem||1rem|1rem|true|false&#8221; global_colors_info=&#8221;{}&#8221;]<\/p>\n<p><strong>Chiffres cl\u00e9s au 31\/12\/2023<\/strong><\/p>\n<p>[\/et_pb_text][\/et_pb_column][et_pb_column type=&#8221;1_2&#8243; disabled_on=&#8221;on|on|off&#8221; _builder_version=&#8221;4.16&#8243; _module_preset=&#8221;default&#8221; global_colors_info=&#8221;{}&#8221;][\/et_pb_column][\/et_pb_row][et_pb_row column_structure=&#8221;1_4,1_4,1_2&#8243; _builder_version=&#8221;4.16&#8243; _module_preset=&#8221;default&#8221; custom_padding=&#8221;0px|||||&#8221; global_colors_info=&#8221;{}&#8221;][et_pb_column type=&#8221;1_4&#8243; _builder_version=&#8221;4.16&#8243; _module_preset=&#8221;default&#8221; global_colors_info=&#8221;{}&#8221;][et_pb_blurb image=&#8221;http:\/\/socfin.com\/dashboard\/wp-content\/uploads\/2022\/06\/SOCFIN_ICONS_HISTORY.png&#8221; module_class=&#8221;blurbMaxImage&#8221; _builder_version=&#8221;4.26.1&#8243; _module_preset=&#8221;default&#8221; height=&#8221;10rem&#8221; global_colors_info=&#8221;{}&#8221;]<\/p>\n<p style=\"text-align: center;\">Cr\u00e9\u00e9e par Socfin en 1968<\/p>\n<p>[\/et_pb_blurb][et_pb_blurb image=&#8221;http:\/\/socfin.com\/dashboard\/wp-content\/uploads\/2021\/08\/2021-06-29-Icone-concession-2.png&#8221; module_class=&#8221;blurbMaxImage&#8221; _builder_version=&#8221;4.26.1&#8243; _module_preset=&#8221;default&#8221; height=&#8221;10rem&#8221; global_colors_info=&#8221;{}&#8221;]<\/p>\n<p style=\"text-align: center;\">Concession de 47 532 ha<\/p>\n<p>[\/et_pb_blurb][et_pb_blurb image=&#8221;http:\/\/socfin.com\/dashboard\/wp-content\/uploads\/2022\/06\/SOCFIN_ICONS_PALM-FACTORY.png&#8221; module_class=&#8221;blurbMaxImage&#8221; _builder_version=&#8221;4.26.1&#8243; _module_preset=&#8221;default&#8221; height=&#8221;10rem&#8221; global_colors_info=&#8221;{}&#8221;]<\/p>\n<p style=\"text-align: center;\">9 huileries<\/p>\n<p>[\/et_pb_blurb][et_pb_blurb image=&#8221;http:\/\/socfin.com\/dashboard\/wp-content\/uploads\/2022\/06\/SOCFIN_ICONS_HEVEA.png&#8221; module_class=&#8221;blurbMaxImage&#8221; _builder_version=&#8221;4.26.1&#8243; _module_preset=&#8221;default&#8221; height=&#8221;10rem&#8221; global_colors_info=&#8221;{}&#8221;]<\/p>\n<p style=\"text-align: center;\">6 322 ha d\u2019h\u00e9v\u00e9as<\/p>\n<p>[\/et_pb_blurb][et_pb_blurb image=&#8221;http:\/\/socfin.com\/dashboard\/wp-content\/uploads\/2022\/06\/SOCFIN_ICONS_RUBBER-BALLS.png&#8221; module_class=&#8221;blurbMaxImage&#8221; _builder_version=&#8221;4.26.1&#8243; _module_preset=&#8221;default&#8221; height=&#8221;10rem&#8221; global_colors_info=&#8221;{}&#8221;]<\/p>\n<p style=\"text-align: center;\">Production de 6 397 T de caoutchouc<\/p>\n<p>[\/et_pb_blurb][et_pb_blurb image=&#8221;http:\/\/socfin.com\/dashboard\/wp-content\/uploads\/2022\/06\/SOCFIN_ICONS_COMMITMENT-EMPLOYEES.png&#8221; module_class=&#8221;blurbMaxImage&#8221; _builder_version=&#8221;4.26.1&#8243; _module_preset=&#8221;default&#8221; height=&#8221;10rem&#8221; global_colors_info=&#8221;{}&#8221;]<\/p>\n<p style=\"text-align: center;\">10 169 emplois<\/p>\n<p>[\/et_pb_blurb][\/et_pb_column][et_pb_column type=&#8221;1_4&#8243; _builder_version=&#8221;4.16&#8243; _module_preset=&#8221;default&#8221; global_colors_info=&#8221;{}&#8221;][et_pb_blurb image=&#8221;http:\/\/socfin.com\/dashboard\/wp-content\/uploads\/2022\/06\/SOCFIN_ICONS_CONTRACT.png&#8221; module_class=&#8221;blurbMaxImage&#8221; _builder_version=&#8221;4.26.1&#8243; _module_preset=&#8221;default&#8221; height=&#8221;10rem&#8221; global_colors_info=&#8221;{}&#8221;]<\/p>\n<p style=\"text-align: center;\">Domaine de l\u2019\u00c9tat, bail emphyt\u00e9otique<\/p>\n<p>[\/et_pb_blurb][et_pb_blurb image=&#8221;http:\/\/socfin.com\/dashboard\/wp-content\/uploads\/2022\/06\/SOCFIN_ICONS_PALM-TREE.png&#8221; module_class=&#8221;blurbMaxImage&#8221; _builder_version=&#8221;4.26.1&#8243; _module_preset=&#8221;default&#8221; height=&#8221;10rem&#8221; global_colors_info=&#8221;{}&#8221;]<\/p>\n<p style=\"text-align: center;\">39 499 ha de palmiers \u00e0 huile<\/p>\n<p>[\/et_pb_blurb][et_pb_blurb image=&#8221;http:\/\/socfin.com\/dashboard\/wp-content\/uploads\/2022\/06\/SOCFIN_ICONS_Drop-Palm-oil.png&#8221; module_class=&#8221;blurbMaxImage&#8221; _builder_version=&#8221;4.26.1&#8243; _module_preset=&#8221;default&#8221; height=&#8221;10rem&#8221; global_colors_info=&#8221;{}&#8221;]<\/p>\n<p style=\"text-align: center;\">Production de 188 527 T d\u2019huile de palme<\/p>\n<p>[\/et_pb_blurb][et_pb_blurb image=&#8221;http:\/\/socfin.com\/dashboard\/wp-content\/uploads\/2022\/06\/SOCFIN_ICONS_RUBBER-FACTORY.png&#8221; module_class=&#8221;blurbMaxImage&#8221; _builder_version=&#8221;4.26.1&#8243; _module_preset=&#8221;default&#8221; height=&#8221;10rem&#8221; global_colors_info=&#8221;{}&#8221;]<\/p>\n<p style=\"text-align: center;\">2 usines \u00e0 caoutchouc<\/p>\n<p>[\/et_pb_blurb][et_pb_blurb image=&#8221;http:\/\/socfin.com\/dashboard\/wp-content\/uploads\/2021\/09\/Sac-semences.png&#8221; module_class=&#8221;blurbMaxImage&#8221; _builder_version=&#8221;4.26.1&#8243; _module_preset=&#8221;default&#8221; height=&#8221;10rem&#8221; global_colors_info=&#8221;{}&#8221;]<\/p>\n<p style=\"text-align: center;\">Production de 9,19 millions de semences<\/p>\n<p>[\/et_pb_blurb][\/et_pb_column][et_pb_column type=&#8221;1_2&#8243; _builder_version=&#8221;4.16&#8243; _module_preset=&#8221;default&#8221; vertical_offset=&#8221;-90px&#8221; vertical_offset_tablet=&#8221;0px&#8221; vertical_offset_phone=&#8221;&#8221; vertical_offset_last_edited=&#8221;on|phone&#8221; custom_padding=&#8221;||||false|false&#8221; global_colors_info=&#8221;{}&#8221;][et_pb_text _builder_version=&#8221;4.26.1&#8243; _module_preset=&#8221;default&#8221; background_color=&#8221;#00A850&#8243; background_layout=&#8221;dark&#8221; custom_padding=&#8221;30px|30px|30px|30px|true|false&#8221; custom_padding_tablet=&#8221;|15px||15px|true|false&#8221; custom_padding_phone=&#8221;&#8221; custom_padding_last_edited=&#8221;on|tablet&#8221; global_colors_info=&#8221;{}&#8221;]<\/p>\n<h2>Liens<\/h2>\n<ul>\n<li><a href=\"https:\/\/socfin.com\/implantations\/socfindo\/\" target=\"_blank\" rel=\"noopener noreferrer\">Plantation de Socfindo<\/a><\/li>\n<li><a href=\"https:\/\/www.socfin.com\/fr\/certifications\" target=\"_blank\" rel=\"noopener noreferrer\">Certificats<\/a><\/li>\n<\/ul>\n<p>[\/et_pb_text][et_pb_text module_class=&#8221;filter-buttons&#8221; _builder_version=&#8221;4.16&#8243; _module_preset=&#8221;default&#8221; background_color=&#8221;#383838&#8243; background_layout=&#8221;dark&#8221; custom_margin=&#8221;||0px||false|false&#8221; custom_padding=&#8221;30px|30px|20px|30px|false|false&#8221; custom_padding_tablet=&#8221;30px|15px|20px|15px|false|false&#8221; custom_padding_phone=&#8221;&#8221; custom_padding_last_edited=&#8221;on|tablet&#8221; global_colors_info=&#8221;{}&#8221;]<\/p>\n<h2>Documents<\/h2>\n<p>[\/et_pb_text][et_pb_tabs active_tab_background_color=&#8221;#FFFFFF&#8221; inactive_tab_background_color=&#8221;#00A850&#8243; active_tab_text_color=&#8221;#00A850&#8243; module_class=&#8221;filter-files-tabs forceBulletPoint&#8221; _builder_version=&#8221;4.26.1&#8243; _module_preset=&#8221;default&#8221; tab_text_color=&#8221;#FFFFFF&#8221; body_text_color=&#8221;#FFFFFF&#8221; tab_font_size=&#8221;16px&#8221; background_color=&#8221;#383838&#8243; custom_padding=&#8221;13px|30px|40px|30px|false|false&#8221; custom_padding_tablet=&#8221;|15px|30px|15px|false|false&#8221; custom_padding_phone=&#8221;&#8221; custom_padding_last_edited=&#8221;on|desktop&#8221; global_colors_info=&#8221;{}&#8221;][et_pb_tab title=&#8221;Rapport&#8221; _builder_version=&#8221;4.16&#8243; _module_preset=&#8221;default&#8221; global_colors_info=&#8221;{}&#8221;]<\/p>\n<ul>\n<li><a href=\"http:\/\/socfin.com\/dashboard\/wp-content\/uploads\/2023\/04\/2022-Socfindo-Sustainability-report.pdf\" rel=\"attachment noopener wp-att-4050\" target=\"_blank\">Sustainability report (2022)<\/a><\/li>\n<\/ul>\n<p>[\/et_pb_tab][et_pb_tab title=&#8221;Tra\u00e7abilit\u00e9&#8221; _builder_version=&#8221;4.26.1&#8243; _module_preset=&#8221;default&#8221; body_ul_item_indent=&#8221;30px&#8221; body_ul_text_color=&#8221;#FFFFFF&#8221; global_colors_info=&#8221;{}&#8221;]<\/p>\n<ul>\n<li><a href=\"http:\/\/socfin.com\/dashboard\/wp-content\/uploads\/2024\/08\/2023-Socfindo-Aek-Loba-FFB-traceability-data-1.pdf\" rel=\"attachment noopener wp-att-5051\" target=\"_blank\">Tra\u00e7abilit\u00e9 &#8211; huile de palme &#8211; Aek Loba (2023)<\/a><\/li>\n<li><a href=\"http:\/\/socfin.com\/dashboard\/wp-content\/uploads\/2024\/08\/2023-Socfindo-Bangun-Bandar-FFB-traceability-data-1.pdf\" rel=\"attachment noopener wp-att-5052\" target=\"_blank\">Tra\u00e7abilit\u00e9 &#8211; huile de palme &#8211; Bangun Bandar (2023)<\/a><\/li>\n<li><a href=\"http:\/\/socfin.com\/dashboard\/wp-content\/uploads\/2024\/08\/2023-Socfindo-Lae-Butar-FFB-traceability-data-1.pdf\" rel=\"attachment noopener wp-att-5053\" target=\"_blank\">Tra\u00e7abilit\u00e9 &#8211; huile de palme &#8211; Lae Butar (2023)<\/a><\/li>\n<li><a href=\"http:\/\/socfin.com\/dashboard\/wp-content\/uploads\/2024\/08\/2023-Socfindo-Mata-Pao-FFB-traceability-data-1.pdf\" rel=\"attachment noopener wp-att-5054\" target=\"_blank\">Tra\u00e7abilit\u00e9 &#8211; huile de palme &#8211; Mata Pao (2023)<\/a><\/li>\n<li><a href=\"http:\/\/socfin.com\/dashboard\/wp-content\/uploads\/2024\/08\/2023-Socfindo-Negeri-Lama-FFB-traceability-data-1.pdf\" rel=\"attachment noopener wp-att-5055\" target=\"_blank\">Tra\u00e7abilit\u00e9 &#8211; huile de palme &#8211; Negeri Lama (2023)<\/a><\/li>\n<li><a href=\"http:\/\/socfin.com\/dashboard\/wp-content\/uploads\/2021\/09\/2020-Socfindo-Aek-Loba-FFB-traceability-data.pdf\" rel=\"attachment wp-att-1379 noopener noreferrer\" target=\"_blank\"><\/a><a href=\"http:\/\/socfin.com\/dashboard\/wp-content\/uploads\/2024\/08\/2023-Socfindo-Sei-Liput-FFB-traceability-data-1.pdf\" rel=\"attachment noopener wp-att-5056\" target=\"_blank\">Tra\u00e7abilit\u00e9 &#8211; huile de palme &#8211; Sei Liput (2023)<\/a><br \/><a href=\"http:\/\/socfin.com\/dashboard\/wp-content\/uploads\/2021\/09\/2020-Socfindo-Aek-Loba-FFB-traceability-data.pdf\" rel=\"attachment wp-att-1379 noopener noreferrer\" target=\"_blank\"><\/a><\/li>\n<li><a href=\"http:\/\/socfin.com\/dashboard\/wp-content\/uploads\/2024\/08\/2023-Socfindo-Seumanyam-FFB-traceability-data-1.pdf\" rel=\"attachment noopener wp-att-5057\" target=\"_blank\">Tra\u00e7abilit\u00e9 &#8211; huile de palme &#8211; Seumanyam (2023)<\/a><\/li>\n<li><a href=\"http:\/\/socfin.com\/dashboard\/wp-content\/uploads\/2024\/08\/2023-Socfindo-Seunagan-FFB-traceability-data-1.pdf\" rel=\"attachment noopener wp-att-5058\" target=\"_blank\">Tra\u00e7abilit\u00e9 &#8211; huile de palme &#8211; Seunagan (2023)<\/a><\/li>\n<li><a href=\"http:\/\/socfin.com\/dashboard\/wp-content\/uploads\/2024\/08\/2023-Socfindo-Tanah-Gambus-FFB-traceability-data-1.pdf\" rel=\"attachment noopener wp-att-5059\" target=\"_blank\">Tra\u00e7abilit\u00e9 &#8211; huile de palme &#8211; Tanah Gambus (2023)<\/a><\/li>\n<li><a href=\"http:\/\/socfin.com\/dashboard\/wp-content\/uploads\/2024\/08\/2023-Socfindo-Aek-Pamienke-NR-traceability-data.pdf\" rel=\"attachment noopener wp-att-5060\" target=\"_blank\">Tra\u00e7abilit\u00e9 &#8211; caoutchouc &#8211; Aek Pamienke (2023)<\/a><\/li>\n<li><a href=\"http:\/\/socfin.com\/dashboard\/wp-content\/uploads\/2024\/08\/2023-Socfindo-Tanah-Besi-NR-traceability-data.pdf\" rel=\"attachment noopener wp-att-5061\" target=\"_blank\">Tra\u00e7abilit\u00e9 &#8211; caoutchouc &#8211; Tanah Besi (2023)<\/a><\/li>\n<\/ul>\n<ul><\/ul>\n<p>[\/et_pb_tab][et_pb_tab title=&#8221;Carte KML&#8221; _builder_version=&#8221;4.16&#8243; _module_preset=&#8221;default&#8221; global_colors_info=&#8221;{}&#8221;]<\/p>\n<ul>\n<li><a href=\"http:\/\/socfin.com\/dashboard\/wp-content\/uploads\/2021\/10\/2017-Socfindo-Concession-Map.pdf\" rel=\"attachment wp-att-2520 noopener noreferrer\" target=\"_blank\">Carte<\/a><\/li>\n<li><a href=\"http:\/\/socfin.com\/dashboard\/wp-content\/uploads\/2021\/10\/Socfindo-Seumanyam-KML.zip\" rel=\"attachment wp-att-2545\"><\/a><a href=\"http:\/\/socfin.com\/dashboard\/wp-content\/uploads\/2021\/10\/Socfindo-Aek-Loba-Div-1-7-KML.zip\" rel=\"attachment wp-att-2539 noopener noreferrer\" target=\"_blank\">Aek Loba Div 1-7 &#8211; KML<\/a><a href=\"http:\/\/socfin.com\/dashboard\/wp-content\/uploads\/2021\/10\/Socfindo-Seumanyam-KML.zip\" rel=\"attachment wp-att-2545\"><\/a><\/li>\n<li><a href=\"http:\/\/socfin.com\/dashboard\/wp-content\/uploads\/2021\/10\/Socfindo-Aek-Loba-Div-8-KML.zip\" rel=\"attachment wp-att-2540 noopener noreferrer\" target=\"_blank\">Aek Loba Div 8 &#8211; KML<\/a><\/li>\n<li><a href=\"http:\/\/socfin.com\/dashboard\/wp-content\/uploads\/2021\/10\/Socfindo-Bangun-Bandar-KML.zip\" rel=\"attachment wp-att-2541 noopener noreferrer\" target=\"_blank\">Bangun Bandar &#8211; KML<\/a><\/li>\n<li><a href=\"http:\/\/socfin.com\/dashboard\/wp-content\/uploads\/2021\/10\/Socfindo-Lae-Butar-KML.zip\" rel=\"attachment wp-att-2542 noopener noreferrer\" target=\"_blank\">Lae Butar &#8211; KML<\/a><\/li>\n<li><a href=\"http:\/\/socfin.com\/dashboard\/wp-content\/uploads\/2021\/10\/Socfindo-Mata-Pao-KML.zip\" rel=\"attachment wp-att-2543 noopener noreferrer\" target=\"_blank\">Mata Pao &#8211; KML<\/a><\/li>\n<li><a href=\"http:\/\/socfin.com\/dashboard\/wp-content\/uploads\/2021\/10\/Socfindo-Seumanyam-KML.zip\" rel=\"attachment wp-att-2545\"><\/a> <a href=\"http:\/\/socfin.com\/dashboard\/wp-content\/uploads\/2021\/10\/Socfindo-Negeri-lama-KML.zip\" rel=\"attachment wp-att-2544 noopener noreferrer\" target=\"_blank\">Negeri lama &#8211; KML<\/a><\/li>\n<li><a href=\"http:\/\/socfin.com\/dashboard\/wp-content\/uploads\/2021\/10\/Socfindo-Seumanyam-KML.zip\" rel=\"attachment wp-att-2545 noopener noreferrer\" target=\"_blank\">Seumanyam &#8211; KML<\/a><\/li>\n<li><a href=\"http:\/\/socfin.com\/dashboard\/wp-content\/uploads\/2021\/10\/Socfindo-Mata-Pao-KML.zip\" rel=\"attachment wp-att-2543\"><\/a><a href=\"http:\/\/socfin.com\/dashboard\/wp-content\/uploads\/2021\/10\/Socfindo-Seunagan-KML.zip\" rel=\"attachment wp-att-2535 noopener noreferrer\" target=\"_blank\">Seunagan &#8211; KML<\/a><a href=\"http:\/\/socfin.com\/dashboard\/wp-content\/uploads\/2021\/10\/Socfindo-Mata-Pao-KML.zip\" rel=\"attachment wp-att-2543\"><\/a><\/li>\n<li><a href=\"http:\/\/socfin.com\/dashboard\/wp-content\/uploads\/2021\/10\/Socfindo-Tanah-Besih-KML.zip\" rel=\"attachment wp-att-2537\"><\/a><a href=\"http:\/\/socfin.com\/dashboard\/wp-content\/uploads\/2021\/10\/Socfindo-Sungei-Liput-KML.zip\" rel=\"attachment wp-att-2536 noopener noreferrer\" target=\"_blank\">Sungei Liput &#8211; KML<\/a><a href=\"http:\/\/socfin.com\/dashboard\/wp-content\/uploads\/2021\/10\/Socfindo-Tanah-Besih-KML.zip\" rel=\"attachment wp-att-2537\">\u00a0<\/a><\/li>\n<li><a href=\"http:\/\/socfin.com\/dashboard\/wp-content\/uploads\/2021\/10\/Socfindo-Tanah-Besih-KML.zip\" rel=\"attachment wp-att-2537 noopener noreferrer\" target=\"_blank\">Tanah Besih &#8211; KML<\/a><\/li>\n<li><a href=\"http:\/\/socfin.com\/dashboard\/wp-content\/uploads\/2021\/10\/Socfindo-Tanah-Gambus-KML.zip\" rel=\"attachment wp-att-2538 noopener noreferrer\" target=\"_blank\">Tanah Gambus &#8211; KML<\/a><\/li>\n<\/ul>\n<p>[\/et_pb_tab][\/et_pb_tabs][\/et_pb_column][\/et_pb_row][et_pb_row column_structure=&#8221;1_2,1_2&#8243; _builder_version=&#8221;4.16&#8243; _module_preset=&#8221;default&#8221; global_colors_info=&#8221;{}&#8221;][et_pb_column type=&#8221;1_2&#8243; _builder_version=&#8221;4.16&#8243; _module_preset=&#8221;default&#8221; global_colors_info=&#8221;{}&#8221;][et_pb_text _builder_version=&#8221;4.26.1&#8243; _module_preset=&#8221;default&#8221; text_text_color=&#8221;#FFFFFF&#8221; background_color=&#8221;#636466&#8243; min_height=&#8221;21px&#8221; global_colors_info=&#8221;{}&#8221;]<\/p>\n<p style=\"text-align: center;\">Carte de la concession de la plantation de Socfindo<\/p>\n<p>[\/et_pb_text][et_pb_image src=&#8221;http:\/\/socfin.com\/dashboard\/wp-content\/uploads\/2021\/10\/2017-Socfindo-Carte-scaled.jpg&#8221; title_text=&#8221;2017 &#8211; Socfindo &#8211; Carte&#8221; _builder_version=&#8221;4.16&#8243; _module_preset=&#8221;default&#8221; global_colors_info=&#8221;{}&#8221;][\/et_pb_image][\/et_pb_column][et_pb_column type=&#8221;1_2&#8243; _builder_version=&#8221;4.16&#8243; _module_preset=&#8221;default&#8221; global_colors_info=&#8221;{}&#8221;][\/et_pb_column][\/et_pb_row][et_pb_row _builder_version=&#8221;4.16&#8243; _module_preset=&#8221;default&#8221; global_colors_info=&#8221;{}&#8221;][et_pb_column type=&#8221;4_4&#8243; _builder_version=&#8221;4.16&#8243; _module_preset=&#8221;default&#8221; global_colors_info=&#8221;{}&#8221;][et_pb_text module_class=&#8221;table-content&#8221; _builder_version=&#8221;4.27.4&#8243; _module_preset=&#8221;default&#8221; hover_enabled=&#8221;0&#8243; global_colors_info=&#8221;{}&#8221; sticky_enabled=&#8221;0&#8243;]<\/p>\n<table>\n<tbody>\n<tr>\n<td><\/td>\n<td>Certifications<\/td>\n<td>Objectif<\/td>\n<td>Statut<\/td>\n<\/tr>\n<tr>\n<td>\n<img loading=\"lazy\" decoding=\"async\" src=\"http:\/\/socfin.com\/dashboard\/wp-content\/uploads\/2021\/02\/image-023-296x300.png\" width=\"50\" height=\"51\" alt=\"RSPO\" class=\"wp-image-126 alignnone size-medium\" style=\"display: block; margin-left: auto; margin-right: auto;\" srcset=\"https:\/\/www.socfin.com\/dashboard\/wp-content\/uploads\/2021\/02\/image-023-296x300.png 296w, https:\/\/www.socfin.com\/dashboard\/wp-content\/uploads\/2021\/02\/image-023-150x150.png 150w, https:\/\/www.socfin.com\/dashboard\/wp-content\/uploads\/2021\/02\/image-023.png 395w\" sizes=\"(max-width: 50px) 100vw, 50px\" \/>\n<p style=\"text-align: center;\">1-0269-19-100-00<\/p>\n<\/td>\n<td>RSPO<\/td>\n<td>\n<ol>\n<li>Aek Loba &#8211; 2015<\/li>\n<li>Bangun Bandar &#8211; 2011<\/li>\n<li>Lae Butar &#8211; 2015<\/li>\n<li>Mata Pao &#8211; 2014<\/li>\n<li>Negeri Lama &#8211; 2014<\/li>\n<li>Seumanyam &#8211; 2015<\/li>\n<li>Seunagan &#8211; 2015<\/li>\n<li>Sungai Liput &#8211; 2014<\/li>\n<li>Tanah Gambus &#8211; 2011<\/li>\n<\/ol>\n<\/td>\n<td>\n<ol>\n<li>Atteint et valide jusqu&#8217;au 20 juillet 2025<\/li>\n<li>Atteint et valide jusqu&#8217;au 10 novembre 2026<\/li>\n<li>Atteint et valide jusqu&#8217;au 29 novembre 2025<\/li>\n<li>Atteint et valide jusqu&#8217;au 24 avril 2029<\/li>\n<li>Atteint et valide jusqu&#8217;au 9 mars 2029<\/li>\n<li>Atteint et valide jusqu&#8217;au 16 octobre 2025<\/li>\n<li>Atteint et valide jusqu&#8217;au 29 novembre 2025<\/li>\n<li>Atteint et valide jusqu&#8217;au 4 mai 2029<\/li>\n<li>Atteint et valide jusqu&#8217;au 3 novembre 2026<\/li>\n<\/ol>\n<\/td>\n<\/tr>\n<tr>\n<td><img loading=\"lazy\" decoding=\"async\" src=\"http:\/\/socfin.com\/dashboard\/wp-content\/uploads\/2021\/09\/Logo_Iso.gif\" width=\"50\" height=\"46\" alt=\"\" class=\"wp-image-1418 alignnone size-full\" style=\"display: block; margin-left: auto; margin-right: auto;\" \/><\/td>\n<td>ISO 9001<\/td>\n<td>\n<ol>\n<li>Aek Pamienke &#8211; 2021<\/li>\n<li>Bangun Bandar &#8211; 2021<\/li>\n<li>Tanah Besih &#8211; 2021<\/li>\n<\/ol>\n<\/td>\n<td>\n<ol>\n<li>Atteint et valide jusqu&#8217;au 17 juin 2027<\/li>\n<li>Atteint et valide jusqu&#8217;au 9 juin 2027<\/li>\n<li>Atteint et valide jusqu&#8217;au 17 juin 2027<\/li>\n<\/ol>\n<\/td>\n<\/tr>\n<tr>\n<td><img loading=\"lazy\" decoding=\"async\" src=\"http:\/\/socfin.com\/dashboard\/wp-content\/uploads\/2021\/09\/Logo_Iso.gif\" width=\"50\" height=\"46\" alt=\"\" class=\"wp-image-1418 alignnone size-full\" style=\"display: block; margin-left: auto; margin-right: auto;\" \/><\/td>\n<td>ISO 14001<\/td>\n<td>Bangun Bandar &#8211; 2021<\/td>\n<td>Atteint et valide jusqu&#8217;au 8 mai 2027<\/td>\n<\/tr>\n<tr>\n<td><img loading=\"lazy\" decoding=\"async\" src=\"http:\/\/socfin.com\/dashboard\/wp-content\/uploads\/2021\/09\/Logo_Iso.gif\" width=\"50\" height=\"46\" alt=\"\" class=\"wp-image-1418 alignnone size-full\" style=\"display: block; margin-left: auto; margin-right: auto;\" \/><\/td>\n<td>ISO 45001<\/td>\n<td>Bangun Bandar &#8211; 2021<\/td>\n<td>Atteint et valide jusqu&#8217;au 4 mai 2027<\/td>\n<\/tr>\n<tr>\n<td><img loading=\"lazy\" decoding=\"async\" src=\"http:\/\/socfin.com\/dashboard\/wp-content\/uploads\/2021\/09\/Logo_Iso.gif\" width=\"50\" height=\"46\" alt=\"\" class=\"wp-image-1418 alignnone size-full\" style=\"display: block; margin-left: auto; margin-right: auto;\" \/><\/td>\n<td>ISO 17025<\/td>\n<td>Bangun Bandar\u00a0 2019<\/td>\n<td>Atteint et valide jusqu&#8217;au 18 novembre 2029<\/td>\n<\/tr>\n<tr>\n<td>\u00a0<img loading=\"lazy\" decoding=\"async\" src=\"http:\/\/socfin.com\/dashboard\/wp-content\/uploads\/2021\/10\/Logo-ISPO--150x150.jpg\" width=\"51\" height=\"50\" alt=\"\" class=\"wp-image-2022 alignnone size-thumbnail\" style=\"display: block; margin-left: auto; margin-right: auto;\" \/><\/td>\n<td>ISPO<\/td>\n<td>\n<ol>\n<li>Aek Loba &#8211; 2016<\/li>\n<li>Bangun Bandar &#8211; 2020<\/li>\n<li>Lae Butar &#8211; 2016<\/li>\n<li>Mata Pao &#8211; 2021<\/li>\n<li>Negeri Lama &#8211; 2016<\/li>\n<li>Seumanyam &#8211; 2016<\/li>\n<li>Seunagan &#8211; 2015<\/li>\n<li>Sungai Liput &#8211; 2021<\/li>\n<li>Tanah Gambus &#8211; 2020<\/li>\n<\/ol>\n<\/td>\n<td>\n<ol>\n<li>Atteint et valide jusqu&#8217;au 26 janvier 2027<\/li>\n<li>Atteint et valide jusqu&#8217;au 25 septembre 2025<\/li>\n<li>Atteint et valide jusqu&#8217;au 3 f\u00e9vrier 2026<\/li>\n<li>Atteint et valide jusqu&#8217;au 10 f\u00e9vrier 2026<\/li>\n<li>Atteint et valide jusqu&#8217;au 18 juillet 2026<\/li>\n<li>Atteint et valide jusqu&#8217;au 20 d\u00e9cembre 2026<\/li>\n<li>Atteint et valide jusqu&#8217;au 28 avril 2026<\/li>\n<li>Atteint et valide jusqu&#8217;au 28 janvier 2026<\/li>\n<li>Atteint et valide jusqu&#8217;au 25 septembre 2025<\/li>\n<\/ol>\n<\/td>\n<\/tr>\n<tr>\n<td><\/td>\n<td>IFCC<\/td>\n<td>\n<ol>\n<li>Aek Pamienke<\/li>\n<li>Tanah Besih<\/li>\n<\/ol>\n<\/td>\n<td>\n<ol>\n<li>Atteint et valide jusqu&#8217;au 29 octobre 2026<\/li>\n<li>Atteint et valide jusqu&#8217;au 29 octobre 2026<\/li>\n<\/ol>\n<\/td>\n<\/tr>\n<tr>\n<td><\/td>\n<td>PEFC<\/td>\n<td>\n<ol>\n<li>Aek Pamienke<\/li>\n<li>Tanah Besih<\/li>\n<\/ol>\n<\/td>\n<td>\n<ol>\n<li>Atteint et valide jusqu&#8217;au 26 novembre 2028<\/li>\n<li>Atteint et valide jusqu&#8217;au 26 novembre 2028<\/li>\n<\/ol>\n<\/td>\n<\/tr>\n<\/tbody>\n<\/table>\n<p>[\/et_pb_text][\/et_pb_column][\/et_pb_row][\/et_pb_section]<\/p>\n","protected":false},"excerpt":{"rendered":"<p>Chiffres cl\u00e9s au 31\/12\/2023Cr\u00e9\u00e9e par Socfin en 1968Concession de 47 532 ha9 huileries6 322 ha d\u2019h\u00e9v\u00e9asProduction de 6 397 T de caoutchouc10 169 emploisDomaine de l\u2019\u00c9tat, bail emphyt\u00e9otique39 499 ha de palmiers \u00e0 huileProduction de 188 527 T d\u2019huile de palme2 usines \u00e0 caoutchoucProduction de 9,19 millions de semencesLiens Plantation de Socfindo Certificats Documents Sustainability [&hellip;]<\/p>\n","protected":false},"author":2,"featured_media":0,"parent":218,"menu_order":0,"comment_status":"closed","ping_status":"closed","template":"","meta":{"_et_pb_use_builder":"on","_et_pb_old_content":"","_et_gb_content_width":"","inline_featured_image":false,"footnotes":""},"class_list":["post-1016","page","type-page","status-publish","hentry"],"_links":{"self":[{"href":"https:\/\/www.socfin.com\/dashboard\/wp-json\/wp\/v2\/pages\/1016","targetHints":{"allow":["GET"]}}],"collection":[{"href":"https:\/\/www.socfin.com\/dashboard\/wp-json\/wp\/v2\/pages"}],"about":[{"href":"https:\/\/www.socfin.com\/dashboard\/wp-json\/wp\/v2\/types\/page"}],"author":[{"embeddable":true,"href":"https:\/\/www.socfin.com\/dashboard\/wp-json\/wp\/v2\/users\/2"}],"replies":[{"embeddable":true,"href":"https:\/\/www.socfin.com\/dashboard\/wp-json\/wp\/v2\/comments?post=1016"}],"version-history":[{"count":23,"href":"https:\/\/www.socfin.com\/dashboard\/wp-json\/wp\/v2\/pages\/1016\/revisions"}],"predecessor-version":[{"id":5315,"href":"https:\/\/www.socfin.com\/dashboard\/wp-json\/wp\/v2\/pages\/1016\/revisions\/5315"}],"up":[{"embeddable":true,"href":"https:\/\/www.socfin.com\/dashboard\/wp-json\/wp\/v2\/pages\/218"}],"wp:attachment":[{"href":"https:\/\/www.socfin.com\/dashboard\/wp-json\/wp\/v2\/media?parent=1016"}],"curies":[{"name":"wp","href":"https:\/\/api.w.org\/{rel}","templated":true}]}}