{"id":1571,"date":"2021-02-16T13:09:18","date_gmt":"2021-02-16T12:09:18","guid":{"rendered":"https:\/\/dashboard-socfin.emblematik.dev\/?page_id=1571"},"modified":"2024-08-27T16:08:54","modified_gmt":"2024-08-27T14:08:54","slug":"plantations-en","status":"publish","type":"page","link":"https:\/\/www.socfin.com\/dashboard\/en\/plantations-en\/","title":{"rendered":"Plantations"},"content":{"rendered":"<p>[et_pb_section fb_built=&#8221;1&#8243; fullwidth=&#8221;on&#8221; _builder_version=&#8221;4.16&#8243; _module_preset=&#8221;default&#8221; global_colors_info=&#8221;{}&#8221;][et_pb_fullwidth_header text_orientation=&#8221;center&#8221; background_overlay_color=&#8221;rgba(0,0,0,0.4)&#8221; _builder_version=&#8221;4.16&#8243; _module_preset=&#8221;default&#8221; background_color=&#8221;RGBA(0,0,0,0)&#8221; background_image=&#8221;http:\/\/socfin.com\/dashboard\/wp-content\/uploads\/2021\/02\/0.-Cover-scaled.jpg&#8221; height=&#8221;275px&#8221; global_colors_info=&#8221;{}&#8221;][\/et_pb_fullwidth_header][\/et_pb_section][et_pb_section fb_built=&#8221;1&#8243; _builder_version=&#8221;4.16&#8243; _module_preset=&#8221;default&#8221; global_colors_info=&#8221;{}&#8221;][et_pb_row _builder_version=&#8221;4.16&#8243; _module_preset=&#8221;default&#8221; global_colors_info=&#8221;{}&#8221;][et_pb_column type=&#8221;4_4&#8243; _builder_version=&#8221;4.16&#8243; _module_preset=&#8221;default&#8221; global_colors_info=&#8221;{}&#8221;][et_pb_text _builder_version=&#8221;4.16&#8243; _dynamic_attributes=&#8221;content&#8221; _module_preset=&#8221;default&#8221; custom_margin=&#8221;||15px||false|false&#8221; global_colors_info=&#8221;{}&#8221;]@ET-DC@eyJkeW5hbWljIjp0cnVlLCJjb250ZW50IjoicG9zdF90aXRsZSIsInNldHRpbmdzIjp7ImJlZm9yZSI6IjxoMT4iLCJhZnRlciI6IjwvaDE+In19@[\/et_pb_text][et_pb_text _builder_version=&#8221;4.16&#8243; _module_preset=&#8221;default&#8221; global_colors_info=&#8221;{}&#8221;]<\/p>\n<header>\n<div class=\"inner\">\n<div class=\"body\">\n<p>The Socfin Group is present in West and Central Africa as well as in Southeast Asia.<\/p>\n<p>After more than a century of business activity, Socfin has gathered the experience and expertise making the Group an international player today.<\/p>\n<\/div>\n<\/div>\n<\/header>\n<p>[\/et_pb_text][\/et_pb_column][\/et_pb_row][et_pb_row _builder_version=&#8221;4.26.1&#8243; _module_preset=&#8221;default&#8221; global_colors_info=&#8221;{}&#8221;][et_pb_column type=&#8221;4_4&#8243; _builder_version=&#8221;4.26.1&#8243; _module_preset=&#8221;default&#8221; global_colors_info=&#8221;{}&#8221;][et_pb_video src=&#8221;http:\/\/socfin.com\/dashboard\/wp-content\/uploads\/2024\/08\/2024-08-26-Video_Carte_ENG.mp4&#8243; _builder_version=&#8221;4.26.1&#8243; _module_preset=&#8221;default&#8221; hover_enabled=&#8221;0&#8243; global_colors_info=&#8221;{}&#8221; title_text=&#8221;2024 08 26 Vid\u00e9o_Carte_ENG&#8221; sticky_enabled=&#8221;0&#8243;][\/et_pb_video][\/et_pb_column][\/et_pb_row][et_pb_row column_structure=&#8221;1_2,1_2&#8243; _builder_version=&#8221;4.16&#8243; _module_preset=&#8221;default&#8221; global_colors_info=&#8221;{}&#8221;][et_pb_column type=&#8221;1_2&#8243; _builder_version=&#8221;4.16&#8243; _module_preset=&#8221;default&#8221; global_colors_info=&#8221;{}&#8221;][et_pb_text module_class=&#8221;list-content&#8221; _builder_version=&#8221;4.26.1&#8243; _module_preset=&#8221;default&#8221; hover_enabled=&#8221;0&#8243; global_colors_info=&#8221;{}&#8221; sticky_enabled=&#8221;0&#8243;]<\/p>\n<h2>AFRICA<\/h2>\n<ul>\n<ul>\n<li><a href=\"http:\/\/socfin.com\/dashboard\/en\/plantations-en\/agripalma-en\/\"><span>Agripalma (S\u00e3o Tom\u00e9-and-Pr\u00edncipe)<\/span><\/a><\/li>\n<li><a href=\"http:\/\/socfin.com\/dashboard\/en\/plantations-en\/brabanta-en\/\">Brabanta (Democratic Republic of Congo)<\/a><\/li>\n<li><a href=\"http:\/\/socfin.com\/dashboard\/en\/plantations-en\/lac-en\/\">LAC (Liberia)<\/a><\/li>\n<li><a href=\"http:\/\/socfin.com\/dashboard\/en\/plantations-en\/okomu-en\/\">Okomu (Nigeria)<\/a><\/li>\n<li><a href=\"http:\/\/socfin.com\/dashboard\/en\/plantations-en\/psg-en\/\">PSG (Ghana)<\/a><\/li>\n<li><a href=\"http:\/\/socfin.com\/dashboard\/en\/plantations-en\/sac-en\/\">SAC (Sierra Leone)<\/a><\/li>\n<li><a href=\"http:\/\/socfin.com\/dashboard\/en\/plantations-en\/safacam-en\/\">Safacam (Cameroon)<\/a><\/li>\n<li><a href=\"http:\/\/socfin.com\/dashboard\/en\/plantations-en\/scc-en\/\">SCC (C\u00f4te d\u2019Ivoire)<\/a><\/li>\n<li><a href=\"http:\/\/socfin.com\/dashboard\/en\/plantations-en\/socapalm-en\/\">Socapalm (Cameroon)<\/a><\/li>\n<li><a href=\"http:\/\/socfin.com\/dashboard\/en\/plantations-en\/sogb-en\/\">SOGB (C\u00f4te d&#8217;Ivoire)<\/a><\/li>\n<\/ul>\n<\/ul>\n<p>&nbsp;<\/p>\n<p>[\/et_pb_text][\/et_pb_column][et_pb_column type=&#8221;1_2&#8243; _builder_version=&#8221;4.16&#8243; _module_preset=&#8221;default&#8221; global_colors_info=&#8221;{}&#8221;][et_pb_text module_class=&#8221;list-content&#8221; _builder_version=&#8221;4.16&#8243; _module_preset=&#8221;default&#8221; global_colors_info=&#8221;{}&#8221;]<\/p>\n<h2>ASIA<\/h2>\n<ul>\n<li><a href=\"http:\/\/socfin.com\/dashboard\/en\/plantations-en\/socfin-kcd-en\/\">Socfin-KCD<\/a> and\u00a0<a href=\"http:\/\/socfin.com\/dashboard\/en\/plantations-en\/coviphama-en\/\">Coviphama<\/a> (Cambodia)<\/li>\n<li><a href=\"http:\/\/socfin.com\/dashboard\/en\/plantations-en\/socfindo-en\/\">Socfindo (Indonesia)<\/a><\/li>\n<\/ul>\n<p>[\/et_pb_text][\/et_pb_column][\/et_pb_row][\/et_pb_section]<\/p>\n","protected":false},"excerpt":{"rendered":"<p>The Socfin Group is present in West and Central Africa as well as in Southeast Asia. After more than a century of business activity, Socfin has gathered the experience and expertise making the Group an international player today. AFRICA Agripalma (S\u00e3o Tom\u00e9-and-Pr\u00edncipe) Brabanta (Democratic Republic of Congo) LAC (Liberia) Okomu (Nigeria) PSG (Ghana) SAC (Sierra [&hellip;]<\/p>\n","protected":false},"author":1,"featured_media":0,"parent":0,"menu_order":0,"comment_status":"closed","ping_status":"closed","template":"","meta":{"_et_pb_use_builder":"on","_et_pb_old_content":"","_et_gb_content_width":"","inline_featured_image":false,"footnotes":""},"class_list":["post-1571","page","type-page","status-publish","hentry"],"_links":{"self":[{"href":"https:\/\/www.socfin.com\/dashboard\/wp-json\/wp\/v2\/pages\/1571","targetHints":{"allow":["GET"]}}],"collection":[{"href":"https:\/\/www.socfin.com\/dashboard\/wp-json\/wp\/v2\/pages"}],"about":[{"href":"https:\/\/www.socfin.com\/dashboard\/wp-json\/wp\/v2\/types\/page"}],"author":[{"embeddable":true,"href":"https:\/\/www.socfin.com\/dashboard\/wp-json\/wp\/v2\/users\/1"}],"replies":[{"embeddable":true,"href":"https:\/\/www.socfin.com\/dashboard\/wp-json\/wp\/v2\/comments?post=1571"}],"version-history":[{"count":6,"href":"https:\/\/www.socfin.com\/dashboard\/wp-json\/wp\/v2\/pages\/1571\/revisions"}],"predecessor-version":[{"id":5208,"href":"https:\/\/www.socfin.com\/dashboard\/wp-json\/wp\/v2\/pages\/1571\/revisions\/5208"}],"wp:attachment":[{"href":"https:\/\/www.socfin.com\/dashboard\/wp-json\/wp\/v2\/media?parent=1571"}],"curies":[{"name":"wp","href":"https:\/\/api.w.org\/{rel}","templated":true}]}}