{"id":1579,"date":"2021-04-15T15:16:44","date_gmt":"2021-04-15T13:16:44","guid":{"rendered":"https:\/\/dashboard-socfin.emblematik.dev\/?page_id=1579"},"modified":"2025-02-13T17:31:31","modified_gmt":"2025-02-13T16:31:31","slug":"safacam-en","status":"publish","type":"page","link":"https:\/\/www.socfin.com\/dashboard\/en\/plantations-en\/safacam-en\/","title":{"rendered":"Safacam"},"content":{"rendered":"<p>[et_pb_section fb_built=&#8221;1&#8243; fullwidth=&#8221;on&#8221; _builder_version=&#8221;4.16&#8243; _module_preset=&#8221;default&#8221; global_colors_info=&#8221;{}&#8221;][et_pb_fullwidth_header text_orientation=&#8221;center&#8221; background_overlay_color=&#8221;rgba(0,0,0,0.4)&#8221; _builder_version=&#8221;4.16&#8243; _module_preset=&#8221;default&#8221; content_font_size=&#8221;20px&#8221; background_color=&#8221;RGBA(0,0,0,0)&#8221; background_image=&#8221;http:\/\/socfin.com\/dashboard\/wp-content\/uploads\/2021\/02\/0.-Cover-scaled.jpg&#8221; height=&#8221;275px&#8221; global_colors_info=&#8221;{}&#8221;][\/et_pb_fullwidth_header][\/et_pb_section][et_pb_section fb_built=&#8221;1&#8243; _builder_version=&#8221;4.16&#8243; _module_preset=&#8221;default&#8221; global_colors_info=&#8221;{}&#8221;][et_pb_row column_structure=&#8221;1_2,1_2&#8243; _builder_version=&#8221;4.16&#8243; _module_preset=&#8221;default&#8221; global_colors_info=&#8221;{}&#8221;][et_pb_column type=&#8221;1_2&#8243; _builder_version=&#8221;4.16&#8243; _module_preset=&#8221;default&#8221; global_colors_info=&#8221;{}&#8221;][et_pb_text _builder_version=&#8221;4.16&#8243; _dynamic_attributes=&#8221;content&#8221; _module_preset=&#8221;default&#8221; height=&#8221;3rem&#8221; custom_margin=&#8221;||15px||false|false&#8221; global_colors_info=&#8221;{}&#8221;]@ET-DC@eyJkeW5hbWljIjp0cnVlLCJjb250ZW50IjoicG9zdF90aXRsZSIsInNldHRpbmdzIjp7ImJlZm9yZSI6IjxoMT4iLCJhZnRlciI6IjwvaDE+In19@[\/et_pb_text][et_pb_text _builder_version=&#8221;4.26.1&#8243; _module_preset=&#8221;default&#8221; text_text_color=&#8221;#FFFFFF&#8221; background_color=&#8221;#00A850&#8243; custom_padding=&#8221;1rem||1rem|1rem|true|false&#8221; global_colors_info=&#8221;{}&#8221;]<\/p>\n<p><strong>Key figures at 31\/12\/2023<\/strong><\/p>\n<p>[\/et_pb_text][\/et_pb_column][et_pb_column type=&#8221;1_2&#8243; disabled_on=&#8221;on|on|off&#8221; _builder_version=&#8221;4.16&#8243; _module_preset=&#8221;default&#8221; global_colors_info=&#8221;{}&#8221;][\/et_pb_column][\/et_pb_row][et_pb_row column_structure=&#8221;1_4,1_4,1_2&#8243; _builder_version=&#8221;4.16&#8243; _module_preset=&#8221;default&#8221; custom_padding=&#8221;0px|||||&#8221; global_colors_info=&#8221;{}&#8221;][et_pb_column type=&#8221;1_4&#8243; _builder_version=&#8221;4.16&#8243; _module_preset=&#8221;default&#8221; global_colors_info=&#8221;{}&#8221;][et_pb_blurb image=&#8221;http:\/\/socfin.com\/dashboard\/wp-content\/uploads\/2022\/06\/SOCFIN_ICONS_HISTORY.png&#8221; module_class=&#8221;blurbMaxImage&#8221; _builder_version=&#8221;4.26.1&#8243; _module_preset=&#8221;default&#8221; height=&#8221;10rem&#8221; global_colors_info=&#8221;{}&#8221;]<\/p>\n<p style=\"text-align: center;\">Acquired by Socfin in 2014<\/p>\n<p>[\/et_pb_blurb][et_pb_blurb image=&#8221;http:\/\/socfin.com\/dashboard\/wp-content\/uploads\/2022\/06\/SOCFIN_ICONS_PALM-TREE.png&#8221; module_class=&#8221;blurbMaxImage&#8221; _builder_version=&#8221;4.26.1&#8243; _module_preset=&#8221;default&#8221; height=&#8221;10rem&#8221; global_colors_info=&#8221;{}&#8221;]<\/p>\n<p style=\"text-align: center;\">5 306 ha of oil palm planted<\/p>\n<p>[\/et_pb_blurb][et_pb_blurb image=&#8221;http:\/\/socfin.com\/dashboard\/wp-content\/uploads\/2022\/06\/SOCFIN_ICONS_Drop-Palm-oil.png&#8221; module_class=&#8221;blurbMaxImage&#8221; _builder_version=&#8221;4.26.1&#8243; _module_preset=&#8221;default&#8221; height=&#8221;10rem&#8221; global_colors_info=&#8221;{}&#8221;]<\/p>\n<p style=\"text-align: center;\">16 096 T of palm oil produced<\/p>\n<p>[\/et_pb_blurb][et_pb_blurb image=&#8221;http:\/\/socfin.com\/dashboard\/wp-content\/uploads\/2022\/06\/SOCFIN_ICONS_RUBBER-FACTORY.png&#8221; module_class=&#8221;blurbMaxImage&#8221; _builder_version=&#8221;4.26.1&#8243; _module_preset=&#8221;default&#8221; height=&#8221;10rem&#8221; global_colors_info=&#8221;{}&#8221;]<\/p>\n<p style=\"text-align: center;\">1 rubber factory<\/p>\n<p>[\/et_pb_blurb][et_pb_blurb image=&#8221;http:\/\/socfin.com\/dashboard\/wp-content\/uploads\/2022\/06\/SOCFIN_ICONS_PALM-FACTORY.png&#8221; module_class=&#8221;blurbMaxImage&#8221; _builder_version=&#8221;4.26.1&#8243; _module_preset=&#8221;default&#8221; height=&#8221;10rem&#8221; global_colors_info=&#8221;{}&#8221;]<\/p>\n<p style=\"text-align: center;\">1 palm kernel crushing plant<\/p>\n<p>[\/et_pb_blurb][et_pb_blurb image=&#8221;http:\/\/socfin.com\/dashboard\/wp-content\/uploads\/2022\/06\/SOCFIN_ICONS_COMMITMENT-EMPLOYEES.png&#8221; module_class=&#8221;blurbMaxImage&#8221; _builder_version=&#8221;4.26.1&#8243; _module_preset=&#8221;default&#8221; height=&#8221;10rem&#8221; global_colors_info=&#8221;{}&#8221;]<\/p>\n<p style=\"text-align: center;\">Workforce 3 274<\/p>\n<p>[\/et_pb_blurb][\/et_pb_column][et_pb_column type=&#8221;1_4&#8243; _builder_version=&#8221;4.16&#8243; _module_preset=&#8221;default&#8221; global_colors_info=&#8221;{}&#8221;][et_pb_blurb image=&#8221;http:\/\/socfin.com\/dashboard\/wp-content\/uploads\/2021\/08\/2021-06-29-Icone-concession-2.png&#8221; module_class=&#8221;blurbMaxImage&#8221; _builder_version=&#8221;4.26.1&#8243; _module_preset=&#8221;default&#8221; height=&#8221;10rem&#8221; global_colors_info=&#8221;{}&#8221;]<\/p>\n<p style=\"text-align: center;\">Concession of 17 690 ha<\/p>\n<p>[\/et_pb_blurb][et_pb_blurb image=&#8221;http:\/\/socfin.com\/dashboard\/wp-content\/uploads\/2022\/06\/SOCFIN_ICONS_PALM-FACTORY.png&#8221; module_class=&#8221;blurbMaxImage&#8221; _builder_version=&#8221;4.26.1&#8243; _module_preset=&#8221;default&#8221; height=&#8221;10rem&#8221; global_colors_info=&#8221;{}&#8221;]<\/p>\n<p style=\"text-align: center;\">1 palm oil mill<\/p>\n<p>[\/et_pb_blurb][et_pb_blurb image=&#8221;http:\/\/socfin.com\/dashboard\/wp-content\/uploads\/2022\/06\/SOCFIN_ICONS_HEVEA.png&#8221; module_class=&#8221;blurbMaxImage&#8221; _builder_version=&#8221;4.26.1&#8243; _module_preset=&#8221;default&#8221; height=&#8221;10rem&#8221; global_colors_info=&#8221;{}&#8221;]<\/p>\n<p style=\"text-align: center;\">4 426 ha of rubber planted<\/p>\n<p>[\/et_pb_blurb][et_pb_blurb image=&#8221;http:\/\/socfin.com\/dashboard\/wp-content\/uploads\/2022\/06\/SOCFIN_ICONS_RUBBER-BALLS.png&#8221; module_class=&#8221;blurbMaxImage&#8221; _builder_version=&#8221;4.26.1&#8243; _module_preset=&#8221;default&#8221; height=&#8221;10rem&#8221; global_colors_info=&#8221;{}&#8221;]<\/p>\n<p style=\"text-align: center;\">9 004 T of rubber produced<\/p>\n<p>[\/et_pb_blurb][et_pb_blurb image=&#8221;http:\/\/socfin.com\/dashboard\/wp-content\/uploads\/2022\/06\/SOCFIN_ICONS_Palm-kernel-oil.png&#8221; module_class=&#8221;blurbMaxImage&#8221; _builder_version=&#8221;4.26.1&#8243; _module_preset=&#8221;default&#8221; height=&#8221;10rem&#8221; global_colors_info=&#8221;{}&#8221;]<\/p>\n<p style=\"text-align: center;\">9 770 T of palm kernel oil produced<\/p>\n<p>[\/et_pb_blurb][\/et_pb_column][et_pb_column type=&#8221;1_2&#8243; _builder_version=&#8221;4.16&#8243; _module_preset=&#8221;default&#8221; vertical_offset=&#8221;-90px&#8221; vertical_offset_tablet=&#8221;0px&#8221; vertical_offset_phone=&#8221;&#8221; vertical_offset_last_edited=&#8221;on|phone&#8221; custom_padding=&#8221;||||false|false&#8221; global_colors_info=&#8221;{}&#8221;][et_pb_text _builder_version=&#8221;4.26.1&#8243; _module_preset=&#8221;default&#8221; background_color=&#8221;#00A850&#8243; background_layout=&#8221;dark&#8221; custom_padding=&#8221;30px|30px|30px|30px|true|false&#8221; custom_padding_tablet=&#8221;|15px||15px|true|false&#8221; custom_padding_phone=&#8221;&#8221; custom_padding_last_edited=&#8221;on|tablet&#8221; global_colors_info=&#8221;{}&#8221;]<\/p>\n<h2>Links<\/h2>\n<ul>\n<li><a href=\"https:\/\/www.socfin.com\/en\/locations\/safacam\" target=\"_blank\" rel=\"noopener noreferrer\">Plantation of Safacam<\/a><\/li>\n<li><a href=\"https:\/\/socfin.com\/en\/certification\/\" target=\"_blank\" rel=\"noopener noreferrer\">Certificates<\/a><\/li>\n<\/ul>\n<p>[\/et_pb_text][et_pb_text module_class=&#8221;filter-buttons&#8221; _builder_version=&#8221;4.16&#8243; _module_preset=&#8221;default&#8221; background_color=&#8221;#383838&#8243; background_layout=&#8221;dark&#8221; custom_margin=&#8221;||0px||false|false&#8221; custom_padding=&#8221;30px|30px|20px|30px|false|false&#8221; custom_padding_tablet=&#8221;30px|15px|20px|15px|false|false&#8221; custom_padding_phone=&#8221;&#8221; custom_padding_last_edited=&#8221;on|tablet&#8221; global_colors_info=&#8221;{}&#8221;]<\/p>\n<h2>Documents<\/h2>\n<p>[\/et_pb_text][et_pb_tabs active_tab_background_color=&#8221;#FFFFFF&#8221; inactive_tab_background_color=&#8221;#00A850&#8243; active_tab_text_color=&#8221;#00A850&#8243; module_class=&#8221;filter-files-tabs forceBulletPoint&#8221; _builder_version=&#8221;4.26.1&#8243; _module_preset=&#8221;default&#8221; tab_text_color=&#8221;#FFFFFF&#8221; body_text_color=&#8221;#FFFFFF&#8221; tab_font_size=&#8221;16px&#8221; background_color=&#8221;#383838&#8243; custom_padding=&#8221;13px|30px|40px|30px|false|false&#8221; custom_padding_tablet=&#8221;|15px|30px|15px|false|false&#8221; custom_padding_phone=&#8221;&#8221; custom_padding_last_edited=&#8221;on|desktop&#8221; global_colors_info=&#8221;{}&#8221;][et_pb_tab title=&#8221;Report&#8221; _builder_version=&#8221;4.17.6&#8243; _module_preset=&#8221;default&#8221; global_colors_info=&#8221;{}&#8221;]<\/p>\n<ul>\n<li><a href=\"http:\/\/socfin.com\/dashboard\/wp-content\/uploads\/2022\/09\/2021-Safacam-Rapport-developpement-durable.pdf\" rel=\"attachment noopener wp-att-3800\" target=\"_blank\">Rapport d\u00e9veloppement durable (2021)<\/a><\/li>\n<\/ul>\n<p>[\/et_pb_tab][et_pb_tab title=&#8221;Traceability&#8221; _builder_version=&#8221;4.26.1&#8243; _module_preset=&#8221;default&#8221; body_ul_item_indent=&#8221;30px&#8221; body_ul_text_color=&#8221;#FFFFFF&#8221; global_colors_info=&#8221;{}&#8221;]<\/p>\n<ul>\n<ul>\n<li><a href=\"http:\/\/socfin.com\/dashboard\/wp-content\/uploads\/2021\/03\/2019_SAC_Tracabilite.pdf\" rel=\"attachment wp-att-903 noopener noreferrer\" target=\"_blank\"><\/a><a href=\"http:\/\/socfin.com\/dashboard\/wp-content\/uploads\/2024\/08\/2023-Safacam-FFB-traceability-data.pdf\" rel=\"attachment noopener wp-att-4831\" target=\"_blank\">Traceability \u2013 palm oil (2023)<\/a><\/li>\n<li><a href=\"http:\/\/socfin.com\/dashboard\/wp-content\/uploads\/2024\/08\/2023-Safacam-NR-traceability-data.pdf\" rel=\"attachment noopener wp-att-4956\" target=\"_blank\">Traceability &#8211; rubber (2023)<\/a><\/li>\n<li><a href=\"http:\/\/socfin.com\/dashboard\/wp-content\/uploads\/2024\/08\/2023-Safacam-PK-traceability-data.pdf\" rel=\"attachment noopener wp-att-4957\" target=\"_blank\">Traceability &#8211; palm kernel oil (2023)<\/a><\/li>\n<\/ul>\n<\/ul>\n<p>&nbsp;<\/p>\n<p>[\/et_pb_tab][et_pb_tab title=&#8221;Map KML&#8221; _builder_version=&#8221;4.26.1&#8243; _module_preset=&#8221;default&#8221; global_colors_info=&#8221;{}&#8221;]<\/p>\n<ul>\n<li><a href=\"http:\/\/socfin.com\/dashboard\/wp-content\/uploads\/2024\/07\/2024-Safacam-Concession-map.pdf\" rel=\"attachment noopener wp-att-4720\" target=\"_blank\">Map<\/a><\/li>\n<li><a href=\"http:\/\/socfin.com\/dashboard\/wp-content\/uploads\/2024\/07\/2024-Safacam-Concession-map.zip\" rel=\"attachment noopener wp-att-4719\" target=\"_blank\">KML<\/a><\/li>\n<\/ul>\n<p>[\/et_pb_tab][et_pb_tab title=&#8221;Policies&#8221; _builder_version=&#8221;4.16&#8243; _module_preset=&#8221;default&#8221; global_colors_info=&#8221;{}&#8221;]<\/p>\n<ul>\n<li><a href=\"http:\/\/socfin.com\/dashboard\/wp-content\/uploads\/2021\/10\/Safacam-Special-labour-policy.pdf\" rel=\"attachment wp-att-2697 noopener noreferrer\" target=\"_blank\"><\/a><a href=\"http:\/\/socfin.com\/dashboard\/wp-content\/uploads\/2021\/10\/Safacam-Certificat-de-conformite-Environnementale-\u2013-Certicate-of-environmental-compliance.pdf\" rel=\"attachment wp-att-2671 noopener noreferrer\" target=\"_blank\">Certificat de conformit\u00e9 Environnementale \u2013 Certificate of environmental compliance<\/a><\/li>\n<li><a href=\"http:\/\/socfin.com\/dashboard\/wp-content\/uploads\/2021\/10\/Safacam-Special-labour-policy.pdf\" rel=\"attachment wp-att-2697 noopener noreferrer\" target=\"_blank\"><\/a><a href=\"http:\/\/socfin.com\/dashboard\/wp-content\/uploads\/2021\/10\/Safacam-Liste-de-documents-accessibles-au-Public.pdf\" rel=\"attachment wp-att-2676 noopener noreferrer\" target=\"_blank\">Liste de documents accessibles au Public<\/a><\/li>\n<li><a href=\"http:\/\/socfin.com\/dashboard\/wp-content\/uploads\/2021\/10\/Safacam-Code-ethique-Employes-et-Entreprise.pdf\" rel=\"attachment wp-att-2672 noopener noreferrer\" target=\"_blank\">Code \u00e9thique Employ\u00e9s et Entreprise<\/a><a href=\"http:\/\/socfin.com\/dashboard\/wp-content\/uploads\/2021\/10\/Safacam-Special-labour-policy.pdf\" rel=\"attachment wp-att-2697 noopener noreferrer\" target=\"_blank\"><\/a><\/li>\n<li><a href=\"http:\/\/socfin.com\/dashboard\/wp-content\/uploads\/2021\/10\/Safacam-Employee-and-corporate-code-of-ethics.pdf\" rel=\"attachment wp-att-2674 noopener noreferrer\" target=\"_blank\">Employee and corporate code of ethics<\/a><\/li>\n<li><a href=\"http:\/\/socfin.com\/dashboard\/wp-content\/uploads\/2021\/10\/Safacam-Special-labour-policy.pdf\" rel=\"attachment wp-att-2697 noopener noreferrer\" target=\"_blank\"><\/a><a href=\"http:\/\/socfin.com\/dashboard\/wp-content\/uploads\/2021\/10\/Safacam-Code-ethique-Fournisseurs.pdf\" rel=\"attachment wp-att-2673 noopener noreferrer\" target=\"_blank\">Code \u00e9thique Fournisseurs<\/a><\/li>\n<li><a href=\"http:\/\/socfin.com\/dashboard\/wp-content\/uploads\/2021\/10\/Safacam-Supplier-code-of-ethics.pdf\" rel=\"attachment wp-att-2670 noopener noreferrer\" target=\"_blank\">Supplier code of ethics<\/a><\/li>\n<li><a href=\"http:\/\/socfin.com\/dashboard\/wp-content\/uploads\/2021\/10\/Safacam-Special-labour-policy.pdf\" rel=\"attachment wp-att-2697 noopener noreferrer\" target=\"_blank\"><\/a><a href=\"http:\/\/socfin.com\/dashboard\/wp-content\/uploads\/2021\/10\/Safacam-Politique-speciale-du-travail.pdf\" rel=\"attachment wp-att-2693 noopener noreferrer\" target=\"_blank\">Politique sp\u00e9ciale du travail<\/a><\/li>\n<li><a href=\"http:\/\/socfin.com\/dashboard\/wp-content\/uploads\/2021\/10\/Safacam-Special-labour-policy.pdf\" rel=\"attachment wp-att-2697 noopener noreferrer\" target=\"_blank\">Special labour policy<\/a><\/li>\n<li><a href=\"http:\/\/socfin.com\/dashboard\/wp-content\/uploads\/2021\/10\/Safacam-Quality-Policy.pdf\" rel=\"attachment wp-att-2696 noopener noreferrer\" target=\"_blank\"><\/a><a href=\"http:\/\/socfin.com\/dashboard\/wp-content\/uploads\/2021\/10\/Safacam-Politique-qualite.pdf\" rel=\"attachment wp-att-2692 noopener noreferrer\" target=\"_blank\">Politique qualit\u00e9<\/a><\/li>\n<li><a href=\"http:\/\/socfin.com\/dashboard\/wp-content\/uploads\/2021\/10\/Safacam-Quality-Policy.pdf\" rel=\"attachment wp-att-2696 noopener noreferrer\" target=\"_blank\">Quality Policy<\/a><\/li>\n<li><a href=\"http:\/\/socfin.com\/dashboard\/wp-content\/uploads\/2021\/10\/Safacam-Politique-en-matiere-de-sante-de-securite-et-denvironnement.pdf\" rel=\"attachment wp-att-2691 noopener noreferrer\" target=\"_blank\">Politique en mati\u00e8re de sant\u00e9, de s\u00e9curit\u00e9 et d\u2019environnement<\/a><\/li>\n<li><a href=\"http:\/\/socfin.com\/dashboard\/wp-content\/uploads\/2021\/10\/Safacam-Policy-on-health-safety-and-environment.pdf\" rel=\"attachment wp-att-2680 noopener noreferrer\" target=\"_blank\">Policy on health, safety and environment<\/a><\/li>\n<li><a href=\"http:\/\/socfin.com\/dashboard\/wp-content\/uploads\/2021\/10\/Safacam-Politique-de-liberte-dassociation-et-negociation-collective.pdf\" rel=\"attachment wp-att-2687 noopener noreferrer\" target=\"_blank\">Politique de libert\u00e9 d\u2019association et n\u00e9gociation collective<\/a><\/li>\n<li><a href=\"http:\/\/socfin.com\/dashboard\/wp-content\/uploads\/2021\/10\/Safacam-Policy-on-the-freedom-of-association-and-collecive-bargaining.pdf\" rel=\"attachment wp-att-2683 noopener noreferrer\" target=\"_blank\">Policy on the freedom of association and collecive bargaining<\/a><\/li>\n<li><a href=\"http:\/\/socfin.com\/dashboard\/wp-content\/uploads\/2021\/10\/Safacam-Politique-sur-legalite-des-chances-en-matiere-demploi.pdf\" rel=\"attachment wp-att-2694 noopener noreferrer\" target=\"_blank\">Politique sur l\u2019\u00e9galit\u00e9 des chances en mati\u00e8re d\u2019emploi<\/a><\/li>\n<li><a href=\"http:\/\/socfin.com\/dashboard\/wp-content\/uploads\/2021\/10\/Safacam-Policy-on-equal-employment-opportunities.pdf\" rel=\"attachment wp-att-2678 noopener noreferrer\" target=\"_blank\">Policy on equal employment opportunities<\/a><\/li>\n<li><a href=\"http:\/\/socfin.com\/dashboard\/wp-content\/uploads\/2021\/10\/Safacam-Politique-concernant-le-travail-des-enfants.pdf\" rel=\"attachment wp-att-2686 noopener noreferrer\" target=\"_blank\">Politique concernant le travail des enfants<\/a><\/li>\n<li><a href=\"http:\/\/socfin.com\/dashboard\/wp-content\/uploads\/2021\/10\/Safacam-Policy-on-child-labour.pdf\" rel=\"attachment wp-att-2677 noopener noreferrer\" target=\"_blank\">Policy on child labour<\/a><\/li>\n<li><a href=\"http:\/\/socfin.com\/dashboard\/wp-content\/uploads\/2021\/10\/Safacam-Politique-en-matiere-de-droits-de-lhomme.pdf\" rel=\"attachment wp-att-2689 noopener noreferrer\" target=\"_blank\">Politique en mati\u00e8re de droits de l\u2019homme<\/a><\/li>\n<li><a href=\"http:\/\/socfin.com\/dashboard\/wp-content\/uploads\/2021\/10\/Safacam-Policy-on-human-rights.pdf\" rel=\"attachment wp-att-2681 noopener noreferrer\" target=\"_blank\">Policy on human rights<\/a><\/li>\n<li><a href=\"http:\/\/socfin.com\/dashboard\/wp-content\/uploads\/2021\/10\/Safacam-Politique-en-matiere-de-protection-des-droits-a-la-reproduction.pdf\" rel=\"attachment wp-att-2690 noopener noreferrer\" target=\"_blank\">Politique en mati\u00e8re de protection des droits \u00e0 la reproduction<\/a><\/li>\n<li><a href=\"http:\/\/socfin.com\/dashboard\/wp-content\/uploads\/2021\/10\/Safacam-Policy-on-sexual-harassment.pdf\" rel=\"attachment wp-att-2682 noopener noreferrer\" target=\"_blank\"><\/a><a href=\"http:\/\/socfin.com\/dashboard\/wp-content\/uploads\/2021\/10\/Safacam-Policy-on-the-protection-of-reproductive-rights.pdf\" rel=\"attachment wp-att-2684 noopener noreferrer\" target=\"_blank\">Policy on the protection of reproductive rights<\/a><\/li>\n<li><a href=\"http:\/\/socfin.com\/dashboard\/wp-content\/uploads\/2021\/10\/Safacam-Politique-concernant-lharcelement-sexuel.pdf\" rel=\"attachment wp-att-2685 noopener noreferrer\" target=\"_blank\">Politique concernant le harc\u00e8lement sexuel<\/a><\/li>\n<li><a href=\"http:\/\/socfin.com\/dashboard\/wp-content\/uploads\/2021\/10\/Safacam-Policy-on-sexual-harassment.pdf\" rel=\"attachment wp-att-2682 noopener noreferrer\" target=\"_blank\">Policy on sexual harassment<\/a><\/li>\n<li><a href=\"http:\/\/socfin.com\/dashboard\/wp-content\/uploads\/2021\/10\/Safacam-Politique-en-matiere-de-conduite-ethique.pdf\" rel=\"attachment wp-att-2688 noopener noreferrer\" target=\"_blank\">Politique en mati\u00e8re de conduite \u00e9thique<\/a><\/li>\n<li><a href=\"http:\/\/socfin.com\/dashboard\/wp-content\/uploads\/2021\/10\/Safacam-Policy-on-ethical-conduct.pdf\" rel=\"attachment wp-att-2679 noopener noreferrer\" target=\"_blank\">Policy on ethical conduct<\/a><\/li>\n<li><a href=\"http:\/\/socfin.com\/dashboard\/wp-content\/uploads\/2021\/10\/Safacam-Formulaire-denregistrement-des-doleances-et-reclamations-externe.pdf\" rel=\"attachment wp-att-2675 noopener noreferrer\" target=\"_blank\"><\/a><a href=\"http:\/\/socfin.com\/dashboard\/wp-content\/uploads\/2021\/10\/Safacam-Procedure-de-gestion-des-doleances-ou-reclamations-externes.pdf\" rel=\"attachment wp-att-2695 noopener noreferrer\" target=\"_blank\">Proc\u00e9dure de gestion des dol\u00e9ances ou r\u00e9clamations externes<\/a><\/li>\n<li><a href=\"http:\/\/socfin.com\/dashboard\/wp-content\/uploads\/2021\/10\/Safacam-Formulaire-denregistrement-des-doleances-et-reclamations-externe.pdf\" rel=\"attachment wp-att-2675 noopener noreferrer\" target=\"_blank\">Formulaire d\u2019enregistrement des dol\u00e9ances et r\u00e9clamations externe<\/a><\/li>\n<\/ul>\n<p>[\/et_pb_tab][\/et_pb_tabs][\/et_pb_column][\/et_pb_row][et_pb_row column_structure=&#8221;1_2,1_2&#8243; _builder_version=&#8221;4.16&#8243; _module_preset=&#8221;default&#8221; global_colors_info=&#8221;{}&#8221;][et_pb_column type=&#8221;1_2&#8243; _builder_version=&#8221;4.16&#8243; _module_preset=&#8221;default&#8221; global_colors_info=&#8221;{}&#8221;][et_pb_text _builder_version=&#8221;4.26.1&#8243; _module_preset=&#8221;default&#8221; text_text_color=&#8221;#FFFFFF&#8221; background_color=&#8221;#636466&#8243; min_height=&#8221;21px&#8221; global_colors_info=&#8221;{}&#8221;]<\/p>\n<p style=\"text-align: center;\">Map of the concession of the Safacam plantation<\/p>\n<p>[\/et_pb_text][et_pb_image src=&#8221;http:\/\/socfin.com\/dashboard\/wp-content\/uploads\/2024\/08\/2024-Safacam-Concession-map.jpg&#8221; title_text=&#8221;2024 &#8211; Safacam &#8211; Concession map&#8221; _builder_version=&#8221;4.26.1&#8243; _module_preset=&#8221;default&#8221; global_colors_info=&#8221;{}&#8221;][\/et_pb_image][\/et_pb_column][et_pb_column type=&#8221;1_2&#8243; _builder_version=&#8221;4.16&#8243; _module_preset=&#8221;default&#8221; global_colors_info=&#8221;{}&#8221;][\/et_pb_column][\/et_pb_row][et_pb_row _builder_version=&#8221;4.16&#8243; _module_preset=&#8221;default&#8221; global_colors_info=&#8221;{}&#8221;][et_pb_column type=&#8221;4_4&#8243; _builder_version=&#8221;4.16&#8243; _module_preset=&#8221;default&#8221; global_colors_info=&#8221;{}&#8221;][et_pb_text module_class=&#8221;table-content&#8221; _builder_version=&#8221;4.27.0&#8243; _module_preset=&#8221;default&#8221; hover_enabled=&#8221;0&#8243; global_colors_info=&#8221;{}&#8221; sticky_enabled=&#8221;0&#8243;]<\/p>\n<table>\n<tbody>\n<tr>\n<td><\/td>\n<td>Certifications<\/td>\n<td>Goal<\/td>\n<td>Status<\/td>\n<\/tr>\n<tr>\n<td>\n<img loading=\"lazy\" decoding=\"async\" src=\"http:\/\/socfin.com\/dashboard\/wp-content\/uploads\/2021\/02\/image-023-296x300.png\" width=\"50\" height=\"51\" alt=\"RSPO\" class=\"wp-image-126 alignnone size-medium\" style=\"display: block; margin-left: auto; margin-right: auto;\" srcset=\"https:\/\/www.socfin.com\/dashboard\/wp-content\/uploads\/2021\/02\/image-023-296x300.png 296w, https:\/\/www.socfin.com\/dashboard\/wp-content\/uploads\/2021\/02\/image-023-150x150.png 150w, https:\/\/www.socfin.com\/dashboard\/wp-content\/uploads\/2021\/02\/image-023.png 395w\" sizes=\"(max-width: 50px) 100vw, 50px\" \/>\n<p style=\"text-align: center;\">1-0269-19-100-00<\/p>\n<\/td>\n<td>RSPO<\/td>\n<td>2021<\/td>\n<td>Achieved and valid until\u00a0December 29, 2025<\/td>\n<\/tr>\n<tr>\n<td><img loading=\"lazy\" decoding=\"async\" src=\"http:\/\/socfin.com\/dashboard\/wp-content\/uploads\/2021\/09\/Logo_Iso.gif\" width=\"50\" height=\"46\" alt=\"\" class=\"wp-image-1418 alignnone size-full\" style=\"display: block; margin-left: auto; margin-right: auto;\" \/><\/td>\n<td>ISO 9001<\/td>\n<td>2015<\/td>\n<td>Achieved and valid until August 9, 2027<\/td>\n<\/tr>\n<tr>\n<td><img loading=\"lazy\" decoding=\"async\" src=\"http:\/\/socfin.com\/dashboard\/wp-content\/uploads\/2021\/09\/Logo_Iso.gif\" width=\"50\" height=\"46\" alt=\"\" class=\"wp-image-1418 alignnone size-full\" style=\"display: block; margin-left: auto; margin-right: auto;\" \/><\/td>\n<td>ISO 14001<\/td>\n<td>2023<\/td>\n<td>Certification is ongoing<\/td>\n<\/tr>\n<\/tbody>\n<\/table>\n<p>[\/et_pb_text][\/et_pb_column][\/et_pb_row][\/et_pb_section]<\/p>\n","protected":false},"excerpt":{"rendered":"<p>Key figures at 31\/12\/2023Acquired by Socfin in 20145 306 ha of oil palm planted16 096 T of palm oil produced1 rubber factory1 palm kernel crushing plantWorkforce 3 274Concession of 17 690 ha1 palm oil mill4 426 ha of rubber planted9 004 T of rubber produced9 770 T of palm kernel oil producedLinks Plantation of Safacam [&hellip;]<\/p>\n","protected":false},"author":1,"featured_media":0,"parent":1571,"menu_order":0,"comment_status":"closed","ping_status":"closed","template":"","meta":{"_et_pb_use_builder":"on","_et_pb_old_content":"","_et_gb_content_width":"","inline_featured_image":false,"footnotes":""},"class_list":["post-1579","page","type-page","status-publish","hentry"],"_links":{"self":[{"href":"https:\/\/www.socfin.com\/dashboard\/wp-json\/wp\/v2\/pages\/1579","targetHints":{"allow":["GET"]}}],"collection":[{"href":"https:\/\/www.socfin.com\/dashboard\/wp-json\/wp\/v2\/pages"}],"about":[{"href":"https:\/\/www.socfin.com\/dashboard\/wp-json\/wp\/v2\/types\/page"}],"author":[{"embeddable":true,"href":"https:\/\/www.socfin.com\/dashboard\/wp-json\/wp\/v2\/users\/1"}],"replies":[{"embeddable":true,"href":"https:\/\/www.socfin.com\/dashboard\/wp-json\/wp\/v2\/comments?post=1579"}],"version-history":[{"count":23,"href":"https:\/\/www.socfin.com\/dashboard\/wp-json\/wp\/v2\/pages\/1579\/revisions"}],"predecessor-version":[{"id":5281,"href":"https:\/\/www.socfin.com\/dashboard\/wp-json\/wp\/v2\/pages\/1579\/revisions\/5281"}],"up":[{"embeddable":true,"href":"https:\/\/www.socfin.com\/dashboard\/wp-json\/wp\/v2\/pages\/1571"}],"wp:attachment":[{"href":"https:\/\/www.socfin.com\/dashboard\/wp-json\/wp\/v2\/media?parent=1579"}],"curies":[{"name":"wp","href":"https:\/\/api.w.org\/{rel}","templated":true}]}}