{"id":218,"date":"2021-02-16T13:09:18","date_gmt":"2021-02-16T12:09:18","guid":{"rendered":"https:\/\/dashboard-socfin.emblematik.dev\/?page_id=218"},"modified":"2024-08-27T16:06:53","modified_gmt":"2024-08-27T14:06:53","slug":"plantations","status":"publish","type":"page","link":"https:\/\/www.socfin.com\/dashboard\/plantations\/","title":{"rendered":"Plantations"},"content":{"rendered":"<p>[et_pb_section fb_built=&#8221;1&#8243; fullwidth=&#8221;on&#8221; _builder_version=&#8221;4.16&#8243; _module_preset=&#8221;default&#8221; global_colors_info=&#8221;{}&#8221;][et_pb_fullwidth_header text_orientation=&#8221;center&#8221; background_overlay_color=&#8221;rgba(0,0,0,0.4)&#8221; _builder_version=&#8221;4.16&#8243; _module_preset=&#8221;default&#8221; background_color=&#8221;RGBA(0,0,0,0)&#8221; background_image=&#8221;http:\/\/socfin.com\/dashboard\/wp-content\/uploads\/2021\/02\/0.-Cover-scaled.jpg&#8221; height=&#8221;275px&#8221; global_colors_info=&#8221;{}&#8221;][\/et_pb_fullwidth_header][\/et_pb_section][et_pb_section fb_built=&#8221;1&#8243; _builder_version=&#8221;4.16&#8243; _module_preset=&#8221;default&#8221; global_colors_info=&#8221;{}&#8221;][et_pb_row _builder_version=&#8221;4.16&#8243; _module_preset=&#8221;default&#8221; global_colors_info=&#8221;{}&#8221;][et_pb_column type=&#8221;4_4&#8243; _builder_version=&#8221;4.16&#8243; _module_preset=&#8221;default&#8221; global_colors_info=&#8221;{}&#8221;][et_pb_text _builder_version=&#8221;4.16&#8243; _dynamic_attributes=&#8221;content&#8221; _module_preset=&#8221;default&#8221; custom_margin=&#8221;||15px||false|false&#8221; global_colors_info=&#8221;{}&#8221;]@ET-DC@eyJkeW5hbWljIjp0cnVlLCJjb250ZW50IjoicG9zdF90aXRsZSIsInNldHRpbmdzIjp7ImJlZm9yZSI6IjxoMT4iLCJhZnRlciI6IjwvaDE+In19@[\/et_pb_text][et_pb_text _builder_version=&#8221;4.16&#8243; _module_preset=&#8221;default&#8221; global_colors_info=&#8221;{}&#8221;]<\/p>\n<header>\n<div class=\"inner\">\n<div class=\"body\">\n<p>Le Groupe Socfin est pr\u00e9sent en Afrique Centrale et de l&#8217;Ouest ainsi qu&#8217;en Asie du Sud-Est.<\/p>\n<p>Apr\u00e8s plus d&#8217;un si\u00e8cle d&#8217;activit\u00e9, le Groupe s&#8217;est construit une exp\u00e9rience et une expertise qui font aujourd&#8217;hui de lui un acteur d&#8217;envergure internationale.<\/p>\n<\/div>\n<\/div>\n<\/header>\n<p>[\/et_pb_text][\/et_pb_column][\/et_pb_row][et_pb_row _builder_version=&#8221;4.26.1&#8243; _module_preset=&#8221;default&#8221; global_colors_info=&#8221;{}&#8221;][et_pb_column type=&#8221;4_4&#8243; _builder_version=&#8221;4.26.1&#8243; _module_preset=&#8221;default&#8221; global_colors_info=&#8221;{}&#8221;][et_pb_video src=&#8221;http:\/\/socfin.com\/dashboard\/wp-content\/uploads\/2024\/08\/2024-08-26-Video_Carte_FR.mp4&#8243; _builder_version=&#8221;4.27.0&#8243; _module_preset=&#8221;default&#8221; hover_enabled=&#8221;0&#8243; global_colors_info=&#8221;{}&#8221; title_text=&#8221;2024 08 26 Vid\u00e9o_Carte_FR&#8221; sticky_enabled=&#8221;0&#8243;][\/et_pb_video][\/et_pb_column][\/et_pb_row][et_pb_row column_structure=&#8221;1_2,1_2&#8243; _builder_version=&#8221;4.16&#8243; _module_preset=&#8221;default&#8221; global_colors_info=&#8221;{}&#8221;][et_pb_column type=&#8221;1_2&#8243; _builder_version=&#8221;4.16&#8243; _module_preset=&#8221;default&#8221; global_colors_info=&#8221;{}&#8221;][et_pb_text module_class=&#8221;list-content&#8221; _builder_version=&#8221;4.27.0&#8243; _module_preset=&#8221;default&#8221; hover_enabled=&#8221;0&#8243; global_colors_info=&#8221;{}&#8221; sticky_enabled=&#8221;0&#8243;]<\/p>\n<h2>AFRIQUE<\/h2>\n<ul>\n<ul>\n<li><a href=\"http:\/\/socfin.com\/dashboard\/plantations\/agripalma\/\"><span>Agripalma (S\u00e3o Tom\u00e9-et-Pr\u00edncipe)<\/span><\/a><\/li>\n<li><a href=\"http:\/\/socfin.com\/dashboard\/plantations\/brabanta\/\">Brabanta (R\u00e9publique d\u00e9mocratique du Congo)<\/a><\/li>\n<li><a href=\"http:\/\/socfin.com\/dashboard\/plantations\/lac\/\">LAC (Lib\u00e9ria)<\/a><\/li>\n<li><a href=\"http:\/\/socfin.com\/dashboard\/plantations\/okomu\/\">Okomu (Nig\u00e9ria)<\/a><\/li>\n<li><a href=\"http:\/\/socfin.com\/dashboard\/plantations\/psg\/\">PSG (Ghana)<\/a><\/li>\n<li><a href=\"http:\/\/socfin.com\/dashboard\/plantations\/sac\/\">SAC (Sierra Leone)<\/a><\/li>\n<li><a href=\"http:\/\/socfin.com\/dashboard\/plantations\/safacam\/\">Safacam (Cameroun)<\/a><\/li>\n<li><a href=\"http:\/\/socfin.com\/dashboard\/plantations\/scc\/\">SCC (C\u00f4te d\u2019Ivoire)<\/a><\/li>\n<li><a href=\"http:\/\/socfin.com\/dashboard\/plantations\/socapalm\/\">Socapalm (Cameroun)<\/a><\/li>\n<li><a href=\"http:\/\/socfin.com\/dashboard\/plantations\/sogb\/\">SOGB (C\u00f4te d&#8217;Ivoire)<\/a><\/li>\n<\/ul>\n<\/ul>\n<p>&nbsp;<\/p>\n<p>[\/et_pb_text][\/et_pb_column][et_pb_column type=&#8221;1_2&#8243; _builder_version=&#8221;4.16&#8243; _module_preset=&#8221;default&#8221; global_colors_info=&#8221;{}&#8221;][et_pb_text module_class=&#8221;list-content&#8221; _builder_version=&#8221;4.16&#8243; _module_preset=&#8221;default&#8221; global_colors_info=&#8221;{}&#8221;]<\/p>\n<h2>ASIE<\/h2>\n<ul>\n<li><a href=\"http:\/\/socfin.com\/dashboard\/plantations\/socfin-kcd\/\">Socfin-KCD<\/a> et <a href=\"http:\/\/socfin.com\/dashboard\/plantations\/coviphama\/\">Coviphama<\/a> (Cambodge)<\/li>\n<li><a href=\"http:\/\/socfin.com\/dashboard\/plantations\/socfindo\/\">Socfindo (Indon\u00e9sie)<\/a><\/li>\n<\/ul>\n<p>[\/et_pb_text][\/et_pb_column][\/et_pb_row][\/et_pb_section]<\/p>\n","protected":false},"excerpt":{"rendered":"<p>Le Groupe Socfin est pr\u00e9sent en Afrique Centrale et de l&#8217;Ouest ainsi qu&#8217;en Asie du Sud-Est. Apr\u00e8s plus d&#8217;un si\u00e8cle d&#8217;activit\u00e9, le Groupe s&#8217;est construit une exp\u00e9rience et une expertise qui font aujourd&#8217;hui de lui un acteur d&#8217;envergure internationale. AFRIQUE Agripalma (S\u00e3o Tom\u00e9-et-Pr\u00edncipe) Brabanta (R\u00e9publique d\u00e9mocratique du Congo) LAC (Lib\u00e9ria) Okomu (Nig\u00e9ria) PSG (Ghana) SAC [&hellip;]<\/p>\n","protected":false},"author":1,"featured_media":0,"parent":0,"menu_order":0,"comment_status":"closed","ping_status":"closed","template":"","meta":{"_et_pb_use_builder":"on","_et_pb_old_content":"","_et_gb_content_width":"","inline_featured_image":false,"footnotes":""},"class_list":["post-218","page","type-page","status-publish","hentry"],"_links":{"self":[{"href":"https:\/\/www.socfin.com\/dashboard\/wp-json\/wp\/v2\/pages\/218","targetHints":{"allow":["GET"]}}],"collection":[{"href":"https:\/\/www.socfin.com\/dashboard\/wp-json\/wp\/v2\/pages"}],"about":[{"href":"https:\/\/www.socfin.com\/dashboard\/wp-json\/wp\/v2\/types\/page"}],"author":[{"embeddable":true,"href":"https:\/\/www.socfin.com\/dashboard\/wp-json\/wp\/v2\/users\/1"}],"replies":[{"embeddable":true,"href":"https:\/\/www.socfin.com\/dashboard\/wp-json\/wp\/v2\/comments?post=218"}],"version-history":[{"count":21,"href":"https:\/\/www.socfin.com\/dashboard\/wp-json\/wp\/v2\/pages\/218\/revisions"}],"predecessor-version":[{"id":5206,"href":"https:\/\/www.socfin.com\/dashboard\/wp-json\/wp\/v2\/pages\/218\/revisions\/5206"}],"wp:attachment":[{"href":"https:\/\/www.socfin.com\/dashboard\/wp-json\/wp\/v2\/media?parent=218"}],"curies":[{"name":"wp","href":"https:\/\/api.w.org\/{rel}","templated":true}]}}