{"id":291,"date":"2021-02-17T06:56:23","date_gmt":"2021-02-17T05:56:23","guid":{"rendered":"https:\/\/dashboard-socfin.emblematik.dev\/?page_id=291"},"modified":"2026-02-10T10:30:26","modified_gmt":"2026-02-10T09:30:26","slug":"nos-partenaires","status":"publish","type":"page","link":"https:\/\/www.socfin.com\/dashboard\/nos-partenaires\/","title":{"rendered":"Nos partenaires"},"content":{"rendered":"<p>[et_pb_section fb_built=&#8221;1&#8243; fullwidth=&#8221;on&#8221; _builder_version=&#8221;4.16&#8243; _module_preset=&#8221;default&#8221; global_colors_info=&#8221;{}&#8221;][et_pb_fullwidth_header text_orientation=&#8221;center&#8221; background_overlay_color=&#8221;rgba(0,0,0,0.4)&#8221; _builder_version=&#8221;4.16&#8243; _module_preset=&#8221;default&#8221; background_color=&#8221;RGBA(0,0,0,0)&#8221; background_image=&#8221;https:\/\/socfin.com\/dashboard\/wp-content\/uploads\/2021\/02\/0.-Cover-scaled.jpg&#8221; height=&#8221;275px&#8221; global_colors_info=&#8221;{}&#8221;][\/et_pb_fullwidth_header][\/et_pb_section][et_pb_section fb_built=&#8221;1&#8243; _builder_version=&#8221;4.16&#8243; _module_preset=&#8221;default&#8221; global_colors_info=&#8221;{}&#8221;][et_pb_row column_structure=&#8221;1_2,1_2&#8243; _builder_version=&#8221;4.16&#8243; _module_preset=&#8221;default&#8221; global_colors_info=&#8221;{}&#8221;][et_pb_column type=&#8221;1_2&#8243; _builder_version=&#8221;4.16&#8243; _module_preset=&#8221;default&#8221; global_colors_info=&#8221;{}&#8221;][et_pb_text _builder_version=&#8221;4.16&#8243; _dynamic_attributes=&#8221;content&#8221; _module_preset=&#8221;default&#8221; global_colors_info=&#8221;{}&#8221;]@ET-DC@eyJkeW5hbWljIjp0cnVlLCJjb250ZW50IjoicG9zdF90aXRsZSIsInNldHRpbmdzIjp7ImJlZm9yZSI6IjxoMT4iLCJhZnRlciI6IjwvaDE+In19@[\/et_pb_text][\/et_pb_column][et_pb_column type=&#8221;1_2&#8243; _builder_version=&#8221;4.16&#8243; _module_preset=&#8221;default&#8221; global_colors_info=&#8221;{}&#8221;][\/et_pb_column][\/et_pb_row][et_pb_row _builder_version=&#8221;4.16&#8243; _module_preset=&#8221;default&#8221; global_colors_info=&#8221;{}&#8221;][et_pb_column type=&#8221;4_4&#8243; _builder_version=&#8221;4.16&#8243; _module_preset=&#8221;default&#8221; global_colors_info=&#8221;{}&#8221;][et_pb_text _builder_version=&#8221;4.26.1&#8243; _module_preset=&#8221;default&#8221; global_colors_info=&#8221;{}&#8221;]<\/p>\n<p>Nos partenariats sont bas\u00e9s sur des valeurs communes et primordiales \u00e0 la r\u00e9ussite des projets : transparence et respect mutuel.<\/p>\n<p>Convaincu de l\u2019efficacit\u00e9 de cr\u00e9er des partenariats gagnant-gagnant, avec des organisations de d\u00e9veloppement ou des universit\u00e9s qui partagent notre mission, nous cherchons continuellement \u00e0 d\u00e9velopper des synergies qui rassemblent des expertises compl\u00e9mentaires. Ceci nous permet d\u2019assurer la r\u00e9alisation de projets de d\u00e9veloppement durable adapt\u00e9s et ayant un impact \u00e0 long terme sur les r\u00e9gions.<\/p>\n<p>[\/et_pb_text][\/et_pb_column][\/et_pb_row][et_pb_row _builder_version=&#8221;4.16&#8243; _module_preset=&#8221;default&#8221; custom_margin=&#8221;||0px||false|false&#8221; custom_padding=&#8221;||0px||false|false&#8221; global_colors_info=&#8221;{}&#8221;][et_pb_column type=&#8221;4_4&#8243; _builder_version=&#8221;4.16&#8243; _module_preset=&#8221;default&#8221; global_colors_info=&#8221;{}&#8221;][et_pb_text _builder_version=&#8221;4.26.1&#8243; _module_preset=&#8221;default&#8221; header_font=&#8221;||||||||&#8221; header_text_color=&#8221;#636466&#8243; header_2_font=&#8221;|||on|||||&#8221; header_2_text_align=&#8221;center&#8221; header_2_text_color=&#8221;#FFFFFF&#8221; background_color=&#8221;#F7941D&#8221; global_colors_info=&#8221;{}&#8221;]<\/p>\n<h2>Organisations<\/h2>\n<p>[\/et_pb_text][\/et_pb_column][\/et_pb_row][et_pb_row column_structure=&#8221;1_3,1_3,1_3&#8243; module_class=&#8221;three-columns-row alt&#8221; _builder_version=&#8221;4.16&#8243; _module_preset=&#8221;default&#8221; global_colors_info=&#8221;{}&#8221;][et_pb_column type=&#8221;1_3&#8243; _builder_version=&#8221;4.16&#8243; _module_preset=&#8221;default&#8221; global_colors_info=&#8221;{}&#8221;][et_pb_image src=&#8221;https:\/\/socfin.com\/dashboard\/wp-content\/uploads\/2021\/03\/Logo_IECD.png&#8221; title_text=&#8221;Logo_IECD&#8221; align=&#8221;center&#8221; module_class=&#8221;partner-logo&#8221; _builder_version=&#8221;4.16&#8243; _module_preset=&#8221;default&#8221; global_colors_info=&#8221;{}&#8221;][\/et_pb_image][et_pb_text _builder_version=&#8221;4.26.1&#8243; _module_preset=&#8221;default&#8221; header_3_font_size=&#8221;20px&#8221; global_colors_info=&#8221;{}&#8221;]<\/p>\n<h3>IECD (Safacam et Socapalm, Cameroun)<\/h3>\n<p>Depuis 2014, au Cameroun, \u00e0 la Socapalm et la Safacam, 2 \u00e9coles familiales agricoles ont vu le jour pour faciliter le d\u00e9veloppement socio-\u00e9conomique local. Les \u00e9coles ont pour but de <strong>former les jeunes de la r\u00e9gion aux m\u00e9tiers et \u00e0 l\u2019entreprenariat rural<\/strong> (production agricole, petit \u00e9levage, artisanat, transformation, etc.).<\/p>\n<p><strong>Profil\u00a0:<\/strong> l\u2019IECD soutient le d\u00e9veloppement humain et \u00e9conomique par le biais de l\u2019\u00e9ducation, de la formation, de l\u2019am\u00e9lioration de l\u2019acc\u00e8s \u00e0 l\u2019emploi des jeunes et de l\u2019entrepreneuriat.[\/et_pb_text][\/et_pb_column][et_pb_column type=&#8221;1_3&#8243; _builder_version=&#8221;4.16&#8243; _module_preset=&#8221;default&#8221; global_colors_info=&#8221;{}&#8221;][et_pb_image src=&#8221;https:\/\/socfin.com\/dashboard\/wp-content\/uploads\/2021\/03\/logotipo-FRM-2016.png&#8221; title_text=&#8221;logotipo-FRM-2016&#8243; align=&#8221;center&#8221; module_class=&#8221;partner-logo&#8221; _builder_version=&#8221;4.26.1&#8243; _module_preset=&#8221;default&#8221; global_colors_info=&#8221;{}&#8221;][\/et_pb_image][et_pb_text _builder_version=&#8221;4.26.1&#8243; _module_preset=&#8221;default&#8221; header_3_font_size=&#8221;20px&#8221; global_colors_info=&#8221;{}&#8221;]<\/p>\n<h3>Le R\u00e9al Madrid Fondation (Agripalma, Sao Tom\u00e9 et Princip\u00e9)<\/h3>\n<p>Partenaire d\u2019Agripalma depuis 2019 pour promouvoir un d\u00e9veloppement int\u00e9gr\u00e9 des enfants et des jeunes par le sport.<\/p>\n<p><strong>Profil\u00a0:<\/strong> Il promeut les valeurs inh\u00e9rentes au sport et le r\u00f4le de ce dernier en tant qu&#8217;outil \u00e9ducatif capable de contribuer au d\u00e9veloppement int\u00e9gral de la personnalit\u00e9 de ceux qui le pratiquent.<\/p>\n<p>[\/et_pb_text][\/et_pb_column][et_pb_column type=&#8221;1_3&#8243; _builder_version=&#8221;4.16&#8243; _module_preset=&#8221;default&#8221; global_colors_info=&#8221;{}&#8221;][et_pb_image src=&#8221;https:\/\/socfin.com\/dashboard\/wp-content\/uploads\/2021\/02\/logo-partner-elizabeth-glaser.jpg&#8221; title_text=&#8221;logo-partner-elizabeth-glaser&#8221; align=&#8221;center&#8221; module_class=&#8221;partner-logo&#8221; _builder_version=&#8221;4.16&#8243; _module_preset=&#8221;default&#8221; global_colors_info=&#8221;{}&#8221;][\/et_pb_image][et_pb_text _builder_version=&#8221;4.26.1&#8243; _module_preset=&#8221;default&#8221; header_3_font_size=&#8221;20px&#8221; global_colors_info=&#8221;{}&#8221;]<\/p>\n<h3>Elizabeth Gazer Pediatric AIDS Foundation (SOGB, C\u00f4te d&#8217;Ivoire)<\/h3>\n<p>Accompagne la SOGB dans la pr\u00e9vention et la prise en charge du VIH\/Sida au sein de ses centres de sant\u00e9.<\/p>\n<p><strong>Profil\u00a0:<\/strong> EGPAF travaille avec les gouvernements des pays et les partenaires locaux pour mettre en \u0153uvre des programmes de soins de sant\u00e9\u00a0: pr\u00e9vention, soins et traitement du VIH, les soins maternels, la nutrition et le bien-\u00eatre g\u00e9n\u00e9ral, ainsi que des services de sant\u00e9 sexuelle et reproductive.<\/p>\n<p>[\/et_pb_text][\/et_pb_column][\/et_pb_row][et_pb_row column_structure=&#8221;1_3,1_3,1_3&#8243; module_class=&#8221;three-columns-row alt&#8221; _builder_version=&#8221;4.16&#8243; _module_preset=&#8221;default&#8221; global_colors_info=&#8221;{}&#8221;][et_pb_column type=&#8221;1_3&#8243; _builder_version=&#8221;4.16&#8243; _module_preset=&#8221;default&#8221; global_colors_info=&#8221;{}&#8221;][et_pb_image src=&#8221;https:\/\/socfin.com\/dashboard\/wp-content\/uploads\/2021\/03\/Logo_PSI.png&#8221; title_text=&#8221;Logo_PSI&#8221; align=&#8221;center&#8221; module_class=&#8221;partner-logo&#8221; _builder_version=&#8221;4.16&#8243; _module_preset=&#8221;default&#8221; global_colors_info=&#8221;{}&#8221;][\/et_pb_image][et_pb_text _builder_version=&#8221;4.26.1&#8243; _module_preset=&#8221;default&#8221; header_3_font_size=&#8221;20px&#8221; global_colors_info=&#8221;{}&#8221;]<\/p>\n<h3>PSI Cambodia (Socfin-KCD, Cambodge)<\/h3>\n<p>Appuie l&#8217;\u00e9quipe m\u00e9dicale de l&#8217;entreprise en la formant \u00e0 la pr\u00e9vention, au traitement et au suivi des cas de paludisme.[\/et_pb_text][\/et_pb_column][et_pb_column type=&#8221;1_3&#8243; _builder_version=&#8221;4.16&#8243; _module_preset=&#8221;default&#8221; global_colors_info=&#8221;{}&#8221;][et_pb_image src=&#8221;https:\/\/socfin.com\/dashboard\/wp-content\/uploads\/2021\/03\/Logo_ACMS.jpg&#8221; title_text=&#8221;Logo_ACMS&#8221; align=&#8221;center&#8221; module_class=&#8221;partner-logo&#8221; _builder_version=&#8221;4.16&#8243; _module_preset=&#8221;default&#8221; global_colors_info=&#8221;{}&#8221;][\/et_pb_image][et_pb_text _builder_version=&#8221;4.26.1&#8243; _module_preset=&#8221;default&#8221; header_3_font_size=&#8221;20px&#8221; global_colors_info=&#8221;{}&#8221;]<\/p>\n<h3>ACMS (Socapalm, Cameroun)<\/h3>\n<p>Appuie l&#8217;\u00e9quipe m\u00e9dicale dans la mise en \u0153uvre d\u2019un programme de planning familial au sein des centres de sant\u00e9 des plantations.<\/p>\n<p><strong>Profil\u00a0:<\/strong> ACMS, membre de <span>PSI<\/span>, lutte contre les maladies hydriques, le paludisme et promeut le planning familial.<\/p>\n<p>[\/et_pb_text][\/et_pb_column][et_pb_column type=&#8221;1_3&#8243; _builder_version=&#8221;4.16&#8243; _module_preset=&#8221;default&#8221; global_colors_info=&#8221;{}&#8221;][et_pb_image src=&#8221;https:\/\/socfin.com\/dashboard\/wp-content\/uploads\/2021\/04\/SOGB.png&#8221; title_text=&#8221;SOGB&#8221; align=&#8221;center&#8221; module_class=&#8221;partner-logo&#8221; _builder_version=&#8221;4.16&#8243; _module_preset=&#8221;default&#8221; global_colors_info=&#8221;{}&#8221;][\/et_pb_image][et_pb_text _builder_version=&#8221;4.26.1&#8243; _module_preset=&#8221;default&#8221; header_3_font_size=&#8221;20px&#8221; global_colors_info=&#8221;{}&#8221;]<\/p>\n<h3>CAZ (Trahe et Heke Village)<\/h3>\n<p>Le projet vise \u00e0 cr\u00e9er une cha\u00eene d\u2019approvisionnement z\u00e9ro-d\u00e9forestation. Ce partenariat avec la SOGB donne notamment lieu \u00e0 des replantations de vielles plantations d\u2019he\u0301ve\u0301as par l\u2019agroforesterie.<\/p>\n<p>[\/et_pb_text][\/et_pb_column][\/et_pb_row][et_pb_row _builder_version=&#8221;4.16&#8243; _module_preset=&#8221;default&#8221; custom_margin=&#8221;||0px||false|false&#8221; custom_padding=&#8221;||0px||false|false&#8221; global_colors_info=&#8221;{}&#8221;][et_pb_column type=&#8221;4_4&#8243; _builder_version=&#8221;4.16&#8243; _module_preset=&#8221;default&#8221; global_colors_info=&#8221;{}&#8221;][et_pb_text _builder_version=&#8221;4.16&#8243; _module_preset=&#8221;default&#8221; header_font=&#8221;||||||||&#8221; header_text_color=&#8221;#636466&#8243; header_2_font=&#8221;|||on|||||&#8221; header_2_text_align=&#8221;center&#8221; header_2_text_color=&#8221;#636466&#8243; background_color=&#8221;#F7941D&#8221; global_colors_info=&#8221;{}&#8221;]<\/p>\n<h2><span style=\"color: #ffffff;\">Institutions &amp; universit\u00e9s<\/span><\/h2>\n<p>[\/et_pb_text][\/et_pb_column][\/et_pb_row][et_pb_row column_structure=&#8221;1_3,1_3,1_3&#8243; module_class=&#8221;three-columns-row alt&#8221; _builder_version=&#8221;4.16&#8243; _module_preset=&#8221;default&#8221; global_colors_info=&#8221;{}&#8221;][et_pb_column type=&#8221;1_3&#8243; _builder_version=&#8221;4.16&#8243; _module_preset=&#8221;default&#8221; global_colors_info=&#8221;{}&#8221;][et_pb_image src=&#8221;https:\/\/socfin.com\/dashboard\/wp-content\/uploads\/2021\/02\/logo-partner-deg.jpg&#8221; title_text=&#8221;logo-partner-deg&#8221; align=&#8221;center&#8221; module_class=&#8221;partner-logo&#8221; _builder_version=&#8221;4.16&#8243; _module_preset=&#8221;default&#8221; global_colors_info=&#8221;{}&#8221;][\/et_pb_image][et_pb_text _builder_version=&#8221;4.26.1&#8243; _module_preset=&#8221;default&#8221; header_3_font_size=&#8221;20px&#8221; global_colors_info=&#8221;{}&#8221;]<\/p>\n<h3>DEG<\/h3>\n<p>A cofinanc\u00e9 des projets a\u0300 long terme du Groupe Socfin ax\u00e9s sur la sante\u0301 et l\u2019\u00e9ducation. Ces projets visaient \u00e0 intensifier la pr\u00e9vention et le traitement du VIH\/SIDA, pour les employ\u00e9s et leur famille, ainsi que pour les communaut\u00e9s riveraines, dans les pays fortement affect\u00e9s et ou\u0300 le Groupe Socfin est pr\u00e9sent (RDC, C\u00f4te d\u2019Ivoire, Cameroun, Nig\u00e9ria et Lib\u00e9ria).<\/p>\n<p><strong>Profil\u00a0:<\/strong> La DEG encourage les initiatives d&#8217;entreprises priv\u00e9es sur les march\u00e9s d&#8217;avenir et, en collaboration avec ses clients et partenaires, elle d\u00e9veloppe des solutions pour une croissance stable.<\/p>\n<p>[\/et_pb_text][\/et_pb_column][et_pb_column type=&#8221;1_3&#8243; _builder_version=&#8221;4.16&#8243; _module_preset=&#8221;default&#8221; global_colors_info=&#8221;{}&#8221;][et_pb_image src=&#8221;https:\/\/socfin.com\/dashboard\/wp-content\/uploads\/2021\/02\/logo-partner-universiteit-gent.png&#8221; title_text=&#8221;logo-partner-universiteit-gent&#8221; align=&#8221;center&#8221; module_class=&#8221;partner-logo&#8221; _builder_version=&#8221;4.16&#8243; _module_preset=&#8221;default&#8221; global_colors_info=&#8221;{}&#8221;][\/et_pb_image][et_pb_text _builder_version=&#8221;4.26.1&#8243; _module_preset=&#8221;default&#8221; header_3_font_size=&#8221;20px&#8221; global_colors_info=&#8221;{}&#8221;]<\/p>\n<h3>Universit\u00e9 de Gent<\/h3>\n<p>Collabore avec le Groupe Socfin sur la culture in vitro et la micro-propagation de l\u2019h\u00e9v\u00e9a. Des arbres clonaux multipli\u00e9s par microbouturage sont une alternative au mat\u00e9riel v\u00e9g\u00e9tal traditionnel greff\u00e9 sur des portes greffes non s\u00e9lectionn\u00e9s. Des essais sur le terrain en C\u00f4te-d\u2019Ivoire et Indon\u00e9sie doivent permettre de valider la sup\u00e9riorit\u00e9 de ce mat\u00e9riel en termes de production et r\u00e9sistance m\u00e9canique \u00e0 la casse au vent. En Indon\u00e9sie, Socfin dispose de son propre laboratoire in vitro.<\/p>\n<p><strong>Profil :<\/strong> L\u2019universit\u00e9 de Gent est class\u00e9e parmi les meilleures au monde pour la recherche agronomique et fait partie d\u2019un p\u00f4le d\u2019excellence de biotechnologie compos\u00e9 de centres de recherche (ex. VIB) et d\u2019entreprises biotechs. Le partenariat avec Socfin a commenc\u00e9 en 2008.<\/p>\n<p>[\/et_pb_text][\/et_pb_column][et_pb_column type=&#8221;1_3&#8243; _builder_version=&#8221;4.16&#8243; _module_preset=&#8221;default&#8221; global_colors_info=&#8221;{}&#8221;][et_pb_image src=&#8221;https:\/\/socfin.com\/dashboard\/wp-content\/uploads\/2021\/09\/Palmelit.png&#8221; title_text=&#8221;Palmelit&#8221; align=&#8221;center&#8221; module_class=&#8221;partner-logo&#8221; _builder_version=&#8221;4.16&#8243; _module_preset=&#8221;default&#8221; global_colors_info=&#8221;{}&#8221;][\/et_pb_image][et_pb_text _builder_version=&#8221;4.26.1&#8243; _module_preset=&#8221;default&#8221; header_3_font_size=&#8221;20px&#8221; global_colors_info=&#8221;{}&#8221;]<\/p>\n<h3>PalmElit<\/h3>\n<p>Collabore avec le Groupe Socfin pour obtenir les palmiers les plus productifs et les plus r\u00e9sistants aux maladies, afin d\u2019une part d\u2019optimiser les surfaces plant\u00e9es, mais aussi de r\u00e9duire au maximum l\u2019utilisation de m\u00e9thodes de lutte sanitaire, deux r\u00e9sultats qui auront un impact significatif sur la pr\u00e9servation de l\u2019environnement. Ces recherches sont encadr\u00e9es par nos 2 laboratoires : Camseeds au Cameroun et Socfindo en Indon\u00e9sie.<\/p>\n<p><strong>Profil :<\/strong> PalmElit conduit des programmes d\u2019am\u00e9lioration g\u00e9n\u00e9tique et de mise en march\u00e9 de semences de palmier \u00e0 huile afin d\u2019assurer aux exploitations familiales et aux agro-industries des revenus r\u00e9guliers.<\/p>\n<p>[\/et_pb_text][\/et_pb_column][\/et_pb_row][\/et_pb_section]<\/p>\n","protected":false},"excerpt":{"rendered":"<p>Nos partenariats sont bas\u00e9s sur des valeurs communes et primordiales \u00e0 la r\u00e9ussite des projets : transparence et respect mutuel. Convaincu de l\u2019efficacit\u00e9 de cr\u00e9er des partenariats gagnant-gagnant, avec des organisations de d\u00e9veloppement ou des universit\u00e9s qui partagent notre mission, nous cherchons continuellement \u00e0 d\u00e9velopper des synergies qui rassemblent des expertises compl\u00e9mentaires. Ceci nous permet [&hellip;]<\/p>\n","protected":false},"author":1,"featured_media":0,"parent":0,"menu_order":0,"comment_status":"closed","ping_status":"closed","template":"","meta":{"_et_pb_use_builder":"on","_et_pb_old_content":"","_et_gb_content_width":"","inline_featured_image":false,"footnotes":""},"class_list":["post-291","page","type-page","status-publish","hentry"],"_links":{"self":[{"href":"https:\/\/www.socfin.com\/dashboard\/wp-json\/wp\/v2\/pages\/291","targetHints":{"allow":["GET"]}}],"collection":[{"href":"https:\/\/www.socfin.com\/dashboard\/wp-json\/wp\/v2\/pages"}],"about":[{"href":"https:\/\/www.socfin.com\/dashboard\/wp-json\/wp\/v2\/types\/page"}],"author":[{"embeddable":true,"href":"https:\/\/www.socfin.com\/dashboard\/wp-json\/wp\/v2\/users\/1"}],"replies":[{"embeddable":true,"href":"https:\/\/www.socfin.com\/dashboard\/wp-json\/wp\/v2\/comments?post=291"}],"version-history":[{"count":21,"href":"https:\/\/www.socfin.com\/dashboard\/wp-json\/wp\/v2\/pages\/291\/revisions"}],"predecessor-version":[{"id":5482,"href":"https:\/\/www.socfin.com\/dashboard\/wp-json\/wp\/v2\/pages\/291\/revisions\/5482"}],"wp:attachment":[{"href":"https:\/\/www.socfin.com\/dashboard\/wp-json\/wp\/v2\/media?parent=291"}],"curies":[{"name":"wp","href":"https:\/\/api.w.org\/{rel}","templated":true}]}}