{"id":5445,"date":"2025-12-23T13:46:43","date_gmt":"2025-12-23T12:46:43","guid":{"rendered":"https:\/\/www.socfin.com\/dashboard\/?page_id=5445"},"modified":"2026-03-09T15:40:57","modified_gmt":"2026-03-09T14:40:57","slug":"dialogue-foncier-et-mediation-independante","status":"publish","type":"page","link":"https:\/\/www.socfin.com\/dashboard\/dialogue-foncier-et-mediation-independante\/","title":{"rendered":"Dialogue foncier et m\u00e9diation ind\u00e9pendante"},"content":{"rendered":"<p>[et_pb_section fb_built=&#8221;1&#8243; fullwidth=&#8221;on&#8221; _builder_version=&#8221;4.16&#8243; _module_preset=&#8221;default&#8221; global_colors_info=&#8221;{}&#8221;][et_pb_fullwidth_header text_orientation=&#8221;center&#8221; background_overlay_color=&#8221;rgba(0,0,0,0.4)&#8221; _builder_version=&#8221;4.16&#8243; _module_preset=&#8221;default&#8221; background_color=&#8221;RGBA(0,0,0,0)&#8221; background_image=&#8221;https:\/\/socfin.com\/dashboard\/wp-content\/uploads\/2021\/02\/0.-Cover-scaled.jpg&#8221; height=&#8221;275px&#8221; global_colors_info=&#8221;{}&#8221;][\/et_pb_fullwidth_header][\/et_pb_section][et_pb_section fb_built=&#8221;1&#8243; _builder_version=&#8221;4.16&#8243; _module_preset=&#8221;default&#8221; global_colors_info=&#8221;{}&#8221;][et_pb_row column_structure=&#8221;1_2,1_2&#8243; _builder_version=&#8221;4.16&#8243; _module_preset=&#8221;default&#8221; global_colors_info=&#8221;{}&#8221;][et_pb_column type=&#8221;1_2&#8243; _builder_version=&#8221;4.16&#8243; _module_preset=&#8221;default&#8221; global_colors_info=&#8221;{}&#8221;][et_pb_text _builder_version=&#8221;4.16&#8243; _dynamic_attributes=&#8221;content&#8221; _module_preset=&#8221;default&#8221; custom_margin=&#8221;||15px||false|false&#8221; global_colors_info=&#8221;{}&#8221;]@ET-DC@eyJkeW5hbWljIjp0cnVlLCJjb250ZW50IjoicG9zdF90aXRsZSIsInNldHRpbmdzIjp7ImJlZm9yZSI6IjxoMT4iLCJhZnRlciI6IjwvaDE+In19@[\/et_pb_text][et_pb_text _builder_version=&#8221;4.27.5&#8243; _module_preset=&#8221;default&#8221; global_colors_info=&#8221;{}&#8221;]<\/p>\n<p><strong><em>Approche du Groupe Socfin \u2013 Cambodge, Cameroun &amp; Sierra Leone<\/em><\/strong><\/p>\n<h3>Cadre g\u00e9n\u00e9ral et principes du Groupe<\/h3>\n<p>Dans plusieurs pays o\u00f9 le Groupe Socfin op\u00e8re, des <strong>situations fonci\u00e8res h\u00e9rit\u00e9es<\/strong>, parfois anciennes et complexes, ont g\u00e9n\u00e9r\u00e9 des tensions avec des communaut\u00e9s riveraines ou autochtones.<\/p>\n<p>Face \u00e0 ces situations, le groupe a fait le choix strat\u00e9gique de privil\u00e9gier :<\/p>\n<ul>\n<li>Le <strong>dialogue structur\u00e9<\/strong>,<\/li>\n<li>Des <strong>processus ind\u00e9pendants de m\u00e9diation<\/strong>,<\/li>\n<li>La <strong>coop\u00e9ration avec les autorit\u00e9s publiques<\/strong>,<\/li>\n<li>Et des <strong>solutions durables<\/strong>, plut\u00f4t que la confrontation.<\/li>\n<\/ul>\n<p>Cette approche est aujourd\u2019hui pleinement int\u00e9gr\u00e9e dans la gouvernance sociale et environnementale du Groupe et s\u2019inscrit dans nos engagements en mati\u00e8re de diligence raisonnable, de respect des droits humains et de conformit\u00e9 r\u00e9glementaire, ainsi que dans notre strat\u00e9gie \u00e0 long terme.<\/p>\n<p>[\/et_pb_text][\/et_pb_column][et_pb_column type=&#8221;1_2&#8243; _builder_version=&#8221;4.16&#8243; _module_preset=&#8221;default&#8221; global_colors_info=&#8221;{}&#8221;][et_pb_image src=&#8221;https:\/\/www.socfin.com\/dashboard\/wp-content\/uploads\/2025\/12\/7.2.1.-Reunions-du-Comite-tripartite-sous-la-presidence-de-lHCDH-des-Nations-Unies-Cambodge&#8211;scaled.jpg&#8221; title_text=&#8221;7.2.1. R\u00e9unions du Comit\u00e9 tripartite sous la pr\u00e9sidence de l\u2019HCDH des Nations Unies, Cambodge&#8221; _builder_version=&#8221;4.27.5&#8243; _module_preset=&#8221;default&#8221; global_colors_info=&#8221;{}&#8221;][\/et_pb_image][\/et_pb_column][\/et_pb_row][et_pb_row _builder_version=&#8221;4.16&#8243; _module_preset=&#8221;default&#8221; global_colors_info=&#8221;{}&#8221;][et_pb_column type=&#8221;4_4&#8243; _builder_version=&#8221;4.16&#8243; _module_preset=&#8221;default&#8221; global_colors_info=&#8221;{}&#8221;][et_pb_text _builder_version=&#8221;4.27.5&#8243; _module_preset=&#8221;default&#8221; global_colors_info=&#8221;{}&#8221;]<\/p>\n<h3>Cambodge \u2013 M\u00e9diation ind\u00e9pendante dans la commune de Bousra (2018 \u00e0 ce jour)<\/h3>\n<p><strong>Chronologie<\/strong><\/p>\n<ul>\n<li>2016-2017 : Pr\u00e9-m\u00e9diation (formation et engagement aupr\u00e8s des communaut\u00e9s locales)<\/li>\n<li>2018-2021 : Processus de m\u00e9diation<\/li>\n<li>2018 \u00e0 ce jour : Mise en \u0153uvre de la m\u00e9diation<\/li>\n<\/ul>\n<p><strong>Contexte<\/strong><\/p>\n<p>En 2009 et 2010, l\u2019\u00c9tat cambodgien a octroy\u00e9 \u00e0 Socfin-KCD plusieurs <em>Economic Land Concessions (ELC)<\/em> dans la commune de Bousra, province de Mondulkiri. Par la suite une troisi\u00e8me ELC fut attribu\u00e9e en 2013 \u00e0 Coviphama. Ces concessions se superposaient partiellement \u00e0 des zones traditionnellement utilis\u00e9es par les communaut\u00e9s autochtones Bunong.<\/p>\n<p>Cette situation a donn\u00e9 lieu \u00e0 des diff\u00e9rends fonciers, largement m\u00e9diatis\u00e9s, et \u00e0 des incompr\u00e9hensions persistantes entre les parties.<\/p>\n<p><strong>Le processus de m\u00e9diation CLAIM (<em>Cambodian Land Dispute Independent Mediation)<\/em> supervis\u00e9 par le <u>\u201cOffice of the United Nations High Commissioner for Human Rights (OHCHR)\u201d<\/u><\/strong><\/p>\n<p>En 2016, un processus de m\u00e9diation ind\u00e9pendante a \u00e9t\u00e9 lanc\u00e9 avec l\u2019appui du programme <em>Mekong Region Land Governance (MRLG)<\/em>.<\/p>\n<p>La m\u00e9diation a \u00e9t\u00e9 conduite par l\u2019<em>Independent Mediation Group (IMG)<\/em>, avec la participation des autorit\u00e9s locales et l\u2019appui du <em>Office of the United Nations High Commissioner for Human Rights (OHCHR)<\/em>.<\/p>\n<p>5 communaut\u00e9s Bunong sur 7 ont particip\u00e9 directement au processus : Pu Teut, Pu Raing, Bousra, Pu Char, Pu Lu ; la 6\u00e8me n\u2019avait pas de terres dans la concession et la derni\u00e8re a privil\u00e9gie la voie judiciaire. Le <a href=\"https:\/\/www.socfin.com\/dashboard\/wp-content\/uploads\/2025\/12\/2022-09-ADC_CLAIM_Evaluation_Report_Final.pdf\" rel=\"attachment noopener wp-att-5453\" target=\"_blank\">CLAIM Mediation Evaluation Report (MRLG, 2022)<\/a>\u00a0qualifie ce processus comme :<\/p>\n<blockquote>\n<p><em>\u00ab\u00a0\u2026l\u2019un des exemples les plus aboutis de m\u00e9diation fonci\u00e8re impliquant des communaut\u00e9s autochtones et une entreprise priv\u00e9e en Asie du Sud-Est.\u00a0\u00bb<\/em><\/p>\n<\/blockquote>\n<p><strong>Accord final et mise en \u0153uvre<\/strong><\/p>\n<p>Le processus a abouti \u00e0 la signature de 26 accords et \u00e0 la publication d\u2019un <a href=\"https:\/\/www.socfin.com\/dashboard\/wp-content\/uploads\/2025\/12\/2022-09-27-Final-Joint-statement-between-Socfin-KCD-and-5-villages.pdf\" rel=\"attachment noopener wp-att-5457\" target=\"_blank\">Joint Statement<\/a>\u00a0le 27 septembre 2022 par toutes les parties-prenantes, formalisant notamment :<\/p>\n<ul>\n<li>Le soutien \u00e0 l\u2019enregistrement des terres collectives des communaut\u00e9s situ\u00e9es dans nos ELCs\u00a0;<\/li>\n<li>La <strong>reconnaissance et la protection des for\u00eats sacr\u00e9es<\/strong> et des sites culturels Bunong ;<\/li>\n<li>Le maintien des <strong>pratiques agricoles traditionnelles<\/strong> dans les zones le long des cours d\u2019eau ;<\/li>\n<li>La r\u00e9solution n\u00e9goci\u00e9e des situations h\u00e9rit\u00e9es li\u00e9es aux <em>\u00ab Plantations d\u2019h\u00e9v\u00e9a familiales \u00bb (PHF) ;<\/em><\/li>\n<li>La construction d\u2019infrastructures (routes, puits) ;<\/li>\n<li>La mise en place de <strong>Projets de d\u00e9veloppement communautaires <\/strong>suivis de mani\u00e8re ind\u00e9pendante. <em>(visite de MRLG en juillet 2025).<\/em><\/li>\n<\/ul>\n<p>Le rapport MRLG souligne une <strong>r\u00e9duction significative des tensions<\/strong>, une <strong>restauration de la confiance<\/strong> et la cr\u00e9ation d\u2019un <strong>mod\u00e8le reproductible<\/strong> dans la r\u00e9gion.<\/p>\n<p><strong>Aujourd\u2019hui<\/strong>, les engagements issus de cet accord continuent d\u2019\u00eatre mis en \u0153uvre et constituent le cadre de r\u00e9f\u00e9rence des relations locales.<\/p>\n<h3><\/h3>\n<h3>************************************<\/h3>\n<h3>Cameroun \u2013 R\u00e9vision fonci\u00e8re et cohabitation avec les riverains (depuis 2017)<\/h3>\n<p><strong>Chronologie<\/strong><\/p>\n<ul>\n<li>2017\u00a0: Mise en place d\u2019un groupe de travail charg\u00e9 d\u2019un audit<\/li>\n<li>2018 \u2013 2021 : Etat des lieux cadastraux<\/li>\n<li>2021 \u2013 aujourd\u2019hui : Dibombari et Es\u00e9ka finalis\u00e9s. Les autres sites sont en cours.<\/li>\n<\/ul>\n<p><strong>Contexte<\/strong><\/p>\n<p>Au Cameroun, les plantations de la Socapalm op\u00e8rent dans le cadre de baux emphyt\u00e9otiques conclus avec l\u2019\u00c9tat. Ces baux, h\u00e9rit\u00e9s pour partie de p\u00e9riodes ant\u00e9rieures \u00e0 la privatisation, ont donn\u00e9 lieu \u00e0 des <strong>occupations irr\u00e9guli\u00e8res<\/strong>, \u00e0 des <strong>empi\u00e8tements<\/strong> et \u00e0 des conflits d\u2019usage, notamment dans les zones non exploit\u00e9es.<\/p>\n<p><strong>Processus institutionnel encadr\u00e9 par l\u2019\u00c9tat<\/strong><\/p>\n<p>En 2017, \u00e0 la demande de la Socapalm, le <em>Minist\u00e8re des Domaines, du Cadastre et des Affaires Fonci\u00e8res (MINDCAF)<\/em> a mis en place un <strong>groupe de travail<\/strong>, devenu ensuite une <strong>\u00e9quipe technique<\/strong>, charg\u00e9 d\u2019auditer la situation fonci\u00e8re et de proposer des solutions durables en collaboration avec les communaut\u00e9s locales.<\/p>\n<p>Ce processus comprend notamment :<\/p>\n<ul>\n<li>Des <strong>\u00e9tats des lieux cadastraux<\/strong> r\u00e9alis\u00e9s site par site (2018\u20132021) ;<\/li>\n<li>La <strong>red\u00e9finition et le bornage des limites des concessions<\/strong> ;<\/li>\n<li>La <strong>r\u00e9duction progressive des superficies conc\u00e9d\u00e9es<\/strong> afin de lib\u00e9rer des espaces occup\u00e9s par des tiers ;<\/li>\n<li>La <strong>r\u00e9gularisation administrative<\/strong> de certaines situations (titres fonciers, concessions provisoires) ;<\/li>\n<li>Un dialogue renforc\u00e9 avec les autorit\u00e9s locales et les communaut\u00e9s riveraines.<\/li>\n<\/ul>\n<p><strong>Les travaux sont aujourd\u2019hui achev\u00e9s ou en cours de finalisation selon les sites (Ed\u00e9a, Kienk\u00e9, Mbongo, Mbambou, <a href=\"https:\/\/www.newsducamer.com\/dibombari-plus-de-2500-hectares-de-la-socapalm-restituees-a-letat\/\" target=\"_blank\" rel=\"noopener\">Dibombari<\/a>, <a href=\"https:\/\/lavoixdukoat.com\/eseka-la-socapalm-restitue-plus-de-8-mille-hectares-a-letat\/\" target=\"_blank\" rel=\"noopener\">Es\u00e9ka<\/a>).<\/strong><\/p>\n<p>Objectifs du processus camerounais<\/p>\n<ul>\n<li>Clarifier les droits fonciers et r\u00e9duire durablement les diff\u00e9rends en instaurant un dialogue ouvert et transparent.<\/li>\n<li>Favoriser une <strong>cohabitation pacifique<\/strong> avec les riverains.<\/li>\n<li>S\u00e9curiser juridiquement les activit\u00e9s agricoles existantes.<\/li>\n<li>Aligner les concessions avec les r\u00e9alit\u00e9s d\u2019occupation et les exigences r\u00e9glementaires actuelles.<\/li>\n<\/ul>\n<p>Ce processus est <strong>pilot\u00e9 par les autorit\u00e9s publiques camerounaises comp\u00e9tentes<\/strong> et s\u2019inscrit dans une logique institutionnelle, progressive et encadr\u00e9e.<\/p>\n<h3><\/h3>\n<h3>************************************<\/h3>\n<h3>Sierra Leone\u00a0: Dialogue communautaire institutionnalis\u00e9 \u00e0 travers un protocole d\u2019accord<\/h3>\n<p><strong>Contexte<\/strong><\/p>\n<p>En Sierra Leone, les relations avec les communaut\u00e9s riveraines de la <strong>chefferie de Malen (district de Pujehun)<\/strong> ont \u00e9t\u00e9 renforc\u00e9es gr\u00e2ce \u00e0 la signature d\u2019un <a href=\"https:\/\/farmlandgrab.org\/post\/33029-government-socfin-community-sign-landmark-mou\"><strong>protocole d\u2019accord (Memorandum of Understanding \u2013 MoU)<\/strong><\/a> entre notre filiale <strong>Socfin Agricultural Company (SAC)<\/strong> et le <strong>Malen Development Committee<\/strong>, avec l\u2019implication du <strong>Gouvernement de la Sierra Leone<\/strong>.<\/p>\n<p>Cet accord a \u00e9t\u00e9 con\u00e7u afin de formaliser les m\u00e9canismes de dialogue et d\u2019\u00e9tablir un cadre structur\u00e9 de coop\u00e9ration entre l\u2019entreprise, les repr\u00e9sentants des communaut\u00e9s et les autorit\u00e9s publiques, \u00e0 la suite de plusieurs ann\u00e9es de tensions li\u00e9es \u00e0 l\u2019utilisation des terres et aux attentes en mati\u00e8re de d\u00e9veloppement.<\/p>\n<p><strong>Protocole d\u2019accord (MoU)<\/strong><\/p>\n<p>Le MoU met en place plusieurs m\u00e9canismes de gouvernance et de d\u00e9veloppement visant \u00e0 renforcer la coop\u00e9ration et \u00e0 am\u00e9liorer la transparence, notamment :<\/p>\n<ul>\n<li>la cr\u00e9ation d\u2019un <strong>cadre de d\u00e9veloppement communautaire li\u00e9 \u00e0 la performance de la plantation<\/strong>, destin\u00e9 \u00e0 soutenir des initiatives locales dans les domaines des infrastructures, de l\u2019\u00e9ducation et de la sant\u00e9 ;<\/li>\n<li>des engagements visant \u00e0 renforcer la <strong>transparence et la redevabilit\u00e9<\/strong> dans l\u2019allocation des ressources consacr\u00e9es au d\u00e9veloppement ;<\/li>\n<li>la mise en place d\u2019une <strong>plateforme structur\u00e9e de dialogue r\u00e9gulier et de r\u00e9solution des plaintes<\/strong> entre l\u2019entreprise, les repr\u00e9sentants des communaut\u00e9s et les parties prenantes gouvernementales.<\/li>\n<\/ul>\n<p><strong>Dialogue et coop\u00e9ration \u00e0 long terme<\/strong><\/p>\n<p>En formalisant ces engagements et en clarifiant les m\u00e9canismes de coop\u00e9ration, cet accord offre <strong>un cadre institutionnel stable pour les relations entre la plantation et les communaut\u00e9s environnantes<\/strong>.<\/p>\n<p>Il contribue \u00e9galement \u00e0 renforcer le dialogue, \u00e0 am\u00e9liorer la compr\u00e9hension mutuelle et \u00e0 soutenir <strong>la pr\u00e9vention des conflits sur le long terme<\/strong>, tout en favorisant des objectifs de d\u00e9veloppement partag\u00e9 au sein de la chefferie de Malen.<\/p>\n<h3><\/h3>\n<h3>************************************<\/h3>\n<p><strong>Approche commune et engagements du Groupe<\/strong><\/p>\n<p>Que ce soit au Cambodge, au Cameroun et en Sierra Leone, l\u2019approche du Groupe Socfin repose sur des principes communs :<\/p>\n<ul>\n<li><strong>Dialogue plut\u00f4t que confrontation<\/strong> ;<\/li>\n<li>Recours \u00e0 des <strong>m\u00e9canismes ind\u00e9pendants ou institutionnels<\/strong> de r\u00e9solution des conflits ;<\/li>\n<li><strong>Respect des droits culturels et sociaux<\/strong> des communaut\u00e9s ;<\/li>\n<li><strong>Recherche de solutions \u00e0 long-terme\u00a0;<\/strong><\/li>\n<li><strong>Transparence<\/strong> et tra\u00e7abilit\u00e9 des processus ;<\/li>\n<li>Alignement avec les standards internationaux, notamment :<\/li>\n<ul>\n<li>Le <em>European Union Deforestation Regulation (EUDR)<\/em>,<\/li>\n<li>Les principes de diligence raisonnable en mati\u00e8re de droits humains,<\/li>\n<li>La <em>Roundtable on Sustainable Palm Oil (RSPO)<\/em>,<\/li>\n<li>Et les normes de l\u2019<em>International Organization for Standardization (ISO)<\/em>.<\/li>\n<\/ul>\n<\/ul>\n<p>[\/et_pb_text][\/et_pb_column][\/et_pb_row][\/et_pb_section]<\/p>\n","protected":false},"excerpt":{"rendered":"<p>Approche du Groupe Socfin \u2013 Cambodge, Cameroun &amp; Sierra Leone Cadre g\u00e9n\u00e9ral et principes du Groupe Dans plusieurs pays o\u00f9 le Groupe Socfin op\u00e8re, des situations fonci\u00e8res h\u00e9rit\u00e9es, parfois anciennes et complexes, ont g\u00e9n\u00e9r\u00e9 des tensions avec des communaut\u00e9s riveraines ou autochtones. Face \u00e0 ces situations, le groupe a fait le choix strat\u00e9gique de privil\u00e9gier [&hellip;]<\/p>\n","protected":false},"author":2,"featured_media":0,"parent":0,"menu_order":0,"comment_status":"closed","ping_status":"closed","template":"","meta":{"_et_pb_use_builder":"on","_et_pb_old_content":"","_et_gb_content_width":"","inline_featured_image":false,"footnotes":""},"class_list":["post-5445","page","type-page","status-publish","hentry"],"_links":{"self":[{"href":"https:\/\/www.socfin.com\/dashboard\/wp-json\/wp\/v2\/pages\/5445","targetHints":{"allow":["GET"]}}],"collection":[{"href":"https:\/\/www.socfin.com\/dashboard\/wp-json\/wp\/v2\/pages"}],"about":[{"href":"https:\/\/www.socfin.com\/dashboard\/wp-json\/wp\/v2\/types\/page"}],"author":[{"embeddable":true,"href":"https:\/\/www.socfin.com\/dashboard\/wp-json\/wp\/v2\/users\/2"}],"replies":[{"embeddable":true,"href":"https:\/\/www.socfin.com\/dashboard\/wp-json\/wp\/v2\/comments?post=5445"}],"version-history":[{"count":10,"href":"https:\/\/www.socfin.com\/dashboard\/wp-json\/wp\/v2\/pages\/5445\/revisions"}],"predecessor-version":[{"id":5491,"href":"https:\/\/www.socfin.com\/dashboard\/wp-json\/wp\/v2\/pages\/5445\/revisions\/5491"}],"wp:attachment":[{"href":"https:\/\/www.socfin.com\/dashboard\/wp-json\/wp\/v2\/media?parent=5445"}],"curies":[{"name":"wp","href":"https:\/\/api.w.org\/{rel}","templated":true}]}}