{"id":988,"date":"2021-04-15T15:14:46","date_gmt":"2021-04-15T13:14:46","guid":{"rendered":"https:\/\/dashboard-socfin.emblematik.dev\/?page_id=988"},"modified":"2025-07-01T09:43:43","modified_gmt":"2025-07-01T07:43:43","slug":"okomu","status":"publish","type":"page","link":"https:\/\/www.socfin.com\/dashboard\/plantations\/okomu\/","title":{"rendered":"Okomu"},"content":{"rendered":"<p>[et_pb_section fb_built=&#8221;1&#8243; fullwidth=&#8221;on&#8221; _builder_version=&#8221;4.16&#8243; _module_preset=&#8221;default&#8221; global_colors_info=&#8221;{}&#8221;][et_pb_fullwidth_header text_orientation=&#8221;center&#8221; background_overlay_color=&#8221;rgba(0,0,0,0.4)&#8221; _builder_version=&#8221;4.16&#8243; _module_preset=&#8221;default&#8221; content_font_size=&#8221;20px&#8221; background_color=&#8221;RGBA(0,0,0,0)&#8221; background_image=&#8221;http:\/\/socfin.com\/dashboard\/wp-content\/uploads\/2021\/02\/0.-Cover-scaled.jpg&#8221; height=&#8221;275px&#8221; global_colors_info=&#8221;{}&#8221;][\/et_pb_fullwidth_header][\/et_pb_section][et_pb_section fb_built=&#8221;1&#8243; _builder_version=&#8221;4.16&#8243; _module_preset=&#8221;default&#8221; global_colors_info=&#8221;{}&#8221;][et_pb_row column_structure=&#8221;1_2,1_2&#8243; _builder_version=&#8221;4.16&#8243; _module_preset=&#8221;default&#8221; global_colors_info=&#8221;{}&#8221;][et_pb_column type=&#8221;1_2&#8243; _builder_version=&#8221;4.16&#8243; _module_preset=&#8221;default&#8221; global_colors_info=&#8221;{}&#8221;][et_pb_text _builder_version=&#8221;4.16&#8243; _dynamic_attributes=&#8221;content&#8221; _module_preset=&#8221;default&#8221; height=&#8221;3rem&#8221; custom_margin=&#8221;||15px||false|false&#8221; global_colors_info=&#8221;{}&#8221;]@ET-DC@eyJkeW5hbWljIjp0cnVlLCJjb250ZW50IjoicG9zdF90aXRsZSIsInNldHRpbmdzIjp7ImJlZm9yZSI6IjxoMT4iLCJhZnRlciI6IjwvaDE+In19@[\/et_pb_text][et_pb_text _builder_version=&#8221;4.26.1&#8243; _module_preset=&#8221;default&#8221; text_text_color=&#8221;#FFFFFF&#8221; background_color=&#8221;#00A850&#8243; custom_padding=&#8221;1rem||1rem|1rem|true|false&#8221; global_colors_info=&#8221;{}&#8221;]<\/p>\n<p><strong>Chiffres cl\u00e9s au 31\/12\/2023<\/strong><\/p>\n<p>[\/et_pb_text][\/et_pb_column][et_pb_column type=&#8221;1_2&#8243; disabled_on=&#8221;on|on|off&#8221; _builder_version=&#8221;4.16&#8243; _module_preset=&#8221;default&#8221; global_colors_info=&#8221;{}&#8221;][\/et_pb_column][\/et_pb_row][et_pb_row column_structure=&#8221;1_4,1_4,1_2&#8243; _builder_version=&#8221;4.16&#8243; _module_preset=&#8221;default&#8221; custom_padding=&#8221;0px|||||&#8221; global_colors_info=&#8221;{}&#8221;][et_pb_column type=&#8221;1_4&#8243; _builder_version=&#8221;4.16&#8243; _module_preset=&#8221;default&#8221; global_colors_info=&#8221;{}&#8221;][et_pb_blurb image=&#8221;http:\/\/socfin.com\/dashboard\/wp-content\/uploads\/2022\/06\/SOCFIN_ICONS_HISTORY.png&#8221; module_class=&#8221;blurbMaxImage&#8221; _builder_version=&#8221;4.26.1&#8243; _module_preset=&#8221;default&#8221; height=&#8221;10rem&#8221; global_colors_info=&#8221;{}&#8221;]<\/p>\n<p style=\"text-align: center;\">Acquise par Socfin en 1990<br \/>Extension acquise par Socfin en 2014<\/p>\n<p>[\/et_pb_blurb][et_pb_blurb image=&#8221;http:\/\/socfin.com\/dashboard\/wp-content\/uploads\/2021\/08\/2021-06-29-Icone-concession-2.png&#8221; module_class=&#8221;blurbMaxImage&#8221; _builder_version=&#8221;4.26.1&#8243; _module_preset=&#8221;default&#8221; height=&#8221;10rem&#8221; global_colors_info=&#8221;{}&#8221;]<\/p>\n<p style=\"text-align: center;\">Concession de 33 113 ha<\/p>\n<p>[\/et_pb_blurb][et_pb_blurb image=&#8221;http:\/\/socfin.com\/dashboard\/wp-content\/uploads\/2022\/06\/SOCFIN_ICONS_PALM-FACTORY.png&#8221; module_class=&#8221;blurbMaxImage&#8221; _builder_version=&#8221;4.26.1&#8243; _module_preset=&#8221;default&#8221; height=&#8221;10rem&#8221; global_colors_info=&#8221;{}&#8221;]<\/p>\n<p style=\"text-align: center;\">2 huileries<\/p>\n<p>[\/et_pb_blurb][et_pb_blurb image=&#8221;http:\/\/socfin.com\/dashboard\/wp-content\/uploads\/2022\/06\/SOCFIN_ICONS_HEVEA.png&#8221; module_class=&#8221;blurbMaxImage&#8221; _builder_version=&#8221;4.26.1&#8243; _module_preset=&#8221;default&#8221; height=&#8221;10rem&#8221; global_colors_info=&#8221;{}&#8221;]<\/p>\n<p style=\"text-align: center;\">7 335 ha d&#8217;h\u00e9v\u00e9as<\/p>\n<p>[\/et_pb_blurb][et_pb_blurb image=&#8221;http:\/\/socfin.com\/dashboard\/wp-content\/uploads\/2022\/06\/SOCFIN_ICONS_RUBBER-BALLS.png&#8221; module_class=&#8221;blurbMaxImage&#8221; _builder_version=&#8221;4.26.1&#8243; _module_preset=&#8221;default&#8221; height=&#8221;10rem&#8221; global_colors_info=&#8221;{}&#8221;]<\/p>\n<p style=\"text-align: center;\">Production de 9 907 T de caoutchouc<\/p>\n<p>[\/et_pb_blurb][et_pb_blurb image=&#8221;http:\/\/socfin.com\/dashboard\/wp-content\/uploads\/2022\/06\/SOCFIN_ICONS_Palm-kernel-oil.png&#8221; module_class=&#8221;blurbMaxImage&#8221; _builder_version=&#8221;4.26.1&#8243; _module_preset=&#8221;default&#8221; height=&#8221;10rem&#8221; global_colors_info=&#8221;{}&#8221;]<\/p>\n<p style=\"text-align: center;\">Production de 987 T d&#8217;huile de palmiste<\/p>\n<p>[\/et_pb_blurb][\/et_pb_column][et_pb_column type=&#8221;1_4&#8243; _builder_version=&#8221;4.16&#8243; _module_preset=&#8221;default&#8221; global_colors_info=&#8221;{}&#8221;][et_pb_blurb image=&#8221;http:\/\/socfin.com\/dashboard\/wp-content\/uploads\/2022\/06\/SOCFIN_ICONS_CONTRACT.png&#8221; module_class=&#8221;blurbMaxImage&#8221; _builder_version=&#8221;4.26.1&#8243; _module_preset=&#8221;default&#8221; height=&#8221;10rem&#8221; global_colors_info=&#8221;{}&#8221;]<\/p>\n<p style=\"text-align: center;\">Domaine de l\u2019\u00c9tat, bail emphyt\u00e9otique<\/p>\n<p>[\/et_pb_blurb][et_pb_blurb image=&#8221;http:\/\/socfin.com\/dashboard\/wp-content\/uploads\/2022\/06\/SOCFIN_ICONS_PALM-TREE.png&#8221; module_class=&#8221;blurbMaxImage&#8221; _builder_version=&#8221;4.26.1&#8243; _module_preset=&#8221;default&#8221; height=&#8221;10rem&#8221; global_colors_info=&#8221;{}&#8221;]<\/p>\n<p style=\"text-align: center;\">19 045 ha de palmiers \u00e0 huile<\/p>\n<p>[\/et_pb_blurb][et_pb_blurb image=&#8221;http:\/\/socfin.com\/dashboard\/wp-content\/uploads\/2022\/06\/SOCFIN_ICONS_Drop-Palm-oil.png&#8221; module_class=&#8221;blurbMaxImage&#8221; _builder_version=&#8221;4.26.1&#8243; _module_preset=&#8221;default&#8221; height=&#8221;10rem&#8221; global_colors_info=&#8221;{}&#8221;]<\/p>\n<p style=\"text-align: center;\">Production de 69 536 T d\u2019huile de palme<\/p>\n<p>[\/et_pb_blurb][et_pb_blurb image=&#8221;http:\/\/socfin.com\/dashboard\/wp-content\/uploads\/2022\/06\/SOCFIN_ICONS_RUBBER-FACTORY.png&#8221; module_class=&#8221;blurbMaxImage&#8221; _builder_version=&#8221;4.26.1&#8243; _module_preset=&#8221;default&#8221; height=&#8221;10rem&#8221; global_colors_info=&#8221;{}&#8221;]<\/p>\n<p style=\"text-align: center;\">1 usine \u00e0 caoutchouc<\/p>\n<p>[\/et_pb_blurb][et_pb_blurb image=&#8221;http:\/\/socfin.com\/dashboard\/wp-content\/uploads\/2022\/06\/SOCFIN_ICONS_PALM-FACTORY.png&#8221; module_class=&#8221;blurbMaxImage&#8221; _builder_version=&#8221;4.26.1&#8243; _module_preset=&#8221;default&#8221; height=&#8221;10rem&#8221; global_colors_info=&#8221;{}&#8221;]<\/p>\n<p style=\"text-align: center;\">1 palmisterie<\/p>\n<p>[\/et_pb_blurb][et_pb_blurb image=&#8221;http:\/\/socfin.com\/dashboard\/wp-content\/uploads\/2022\/06\/SOCFIN_ICONS_COMMITMENT-EMPLOYEES.png&#8221; module_class=&#8221;blurbMaxImage&#8221; _builder_version=&#8221;4.26.1&#8243; _module_preset=&#8221;default&#8221; height=&#8221;10rem&#8221; global_colors_info=&#8221;{}&#8221;]<\/p>\n<p style=\"text-align: center;\">6 786 emplois<\/p>\n<p>[\/et_pb_blurb][\/et_pb_column][et_pb_column type=&#8221;1_2&#8243; _builder_version=&#8221;4.16&#8243; _module_preset=&#8221;default&#8221; vertical_offset=&#8221;-90px&#8221; vertical_offset_tablet=&#8221;0px&#8221; vertical_offset_phone=&#8221;&#8221; vertical_offset_last_edited=&#8221;on|phone&#8221; custom_padding=&#8221;||||false|false&#8221; global_colors_info=&#8221;{}&#8221;][et_pb_text _builder_version=&#8221;4.26.1&#8243; _module_preset=&#8221;default&#8221; background_color=&#8221;#00A850&#8243; background_layout=&#8221;dark&#8221; custom_padding=&#8221;30px|30px|30px|30px|true|false&#8221; custom_padding_tablet=&#8221;|15px||15px|true|false&#8221; custom_padding_phone=&#8221;&#8221; custom_padding_last_edited=&#8221;on|tablet&#8221; global_colors_info=&#8221;{}&#8221;]<\/p>\n<h2>Liens<\/h2>\n<ul>\n<li><a href=\"https:\/\/socfin.com\/implantations\/okomu\/\" target=\"_blank\" rel=\"noopener noreferrer\">Plantation d&#8217;Okomu<\/a><\/li>\n<li><a href=\"https:\/\/www.socfin.com\/fr\/certifications\" target=\"_blank\" rel=\"noopener noreferrer\">Certificats<\/a><\/li>\n<\/ul>\n<p>[\/et_pb_text][et_pb_text module_class=&#8221;filter-buttons&#8221; _builder_version=&#8221;4.16&#8243; _module_preset=&#8221;default&#8221; background_color=&#8221;#383838&#8243; background_layout=&#8221;dark&#8221; custom_margin=&#8221;||0px||false|false&#8221; custom_padding=&#8221;30px|30px|20px|30px|false|false&#8221; custom_padding_tablet=&#8221;30px|15px|20px|15px|false|false&#8221; custom_padding_phone=&#8221;&#8221; custom_padding_last_edited=&#8221;on|tablet&#8221; global_colors_info=&#8221;{}&#8221;]<\/p>\n<h2>Documents<\/h2>\n<p>[\/et_pb_text][et_pb_tabs active_tab_background_color=&#8221;#FFFFFF&#8221; inactive_tab_background_color=&#8221;#00A850&#8243; active_tab_text_color=&#8221;#00A850&#8243; module_class=&#8221;filter-files-tabs forceBulletPoint&#8221; _builder_version=&#8221;4.26.1&#8243; _module_preset=&#8221;default&#8221; tab_text_color=&#8221;#FFFFFF&#8221; body_text_color=&#8221;#FFFFFF&#8221; tab_font_size=&#8221;16px&#8221; background_color=&#8221;#383838&#8243; custom_padding=&#8221;13px|30px|40px|30px|false|false&#8221; custom_padding_tablet=&#8221;|15px|30px|15px|false|false&#8221; custom_padding_phone=&#8221;&#8221; custom_padding_last_edited=&#8221;on|desktop&#8221; global_colors_info=&#8221;{}&#8221;][et_pb_tab title=&#8221;Rapports&#8221; _builder_version=&#8221;4.16&#8243; _module_preset=&#8221;default&#8221; global_colors_info=&#8221;{}&#8221;]<\/p>\n<ul>\n<li><a href=\"http:\/\/socfin.com\/dashboard\/wp-content\/uploads\/2021\/10\/Okomu-Environmental-and-Social-Impact-Assessment-\u2013-Extension-2.pdf\" rel=\"attachment wp-att-2396 noopener noreferrer\" target=\"_blank\">Environmental and Social Impact Assessment \u2013 Extension 2<\/a><\/li>\n<li><a href=\"http:\/\/socfin.com\/dashboard\/wp-content\/uploads\/2021\/10\/Okomu-Carbon-stock-assessment-Okomu-Ext-2.pdf\" rel=\"attachment wp-att-2395 noopener noreferrer\" target=\"_blank\">Carbon stock assessment Okomu Ext 2<\/a><\/li>\n<\/ul>\n<p>[\/et_pb_tab][et_pb_tab title=&#8221;Tra\u00e7abilit\u00e9&#8221; _builder_version=&#8221;4.26.1&#8243; _module_preset=&#8221;default&#8221; body_ul_item_indent=&#8221;30px&#8221; body_ul_text_color=&#8221;#FFFFFF&#8221; global_colors_info=&#8221;{}&#8221;]<\/p>\n<ul>\n<li><a href=\"http:\/\/socfin.com\/dashboard\/wp-content\/uploads\/2021\/03\/2019_SAC_Tracabilite.pdf\" rel=\"attachment wp-att-903 noopener noreferrer\" target=\"_blank\"><\/a><a href=\"http:\/\/socfin.com\/dashboard\/wp-content\/uploads\/2024\/08\/2023-Okomu-Main-Estate-FFB-traceability-data.pdf\" rel=\"attachment noopener wp-att-4791\" target=\"_blank\">Tra\u00e7abilit\u00e9 &#8211; huile de palme &#8211; Main Estate (2023)<\/a><br \/><a href=\"http:\/\/socfin.com\/dashboard\/wp-content\/uploads\/2021\/02\/SAC-\u2013-Palm-Oil-Mill-FFB-Traceability-\u2013-2019.pdf\" rel=\"attachment wp-att-530 noopener noreferrer\" target=\"_blank\"><\/a><\/li>\n<li><a href=\"http:\/\/socfin.com\/dashboard\/wp-content\/uploads\/2024\/08\/2023-Okomu-Extension-2-FFB-traceability-data.pdf\" rel=\"attachment noopener wp-att-4792\" target=\"_blank\">Tra\u00e7abilit\u00e9 &#8211; huile de palme &#8211; Extension 2 (2023)<\/a><\/li>\n<li><a href=\"http:\/\/socfin.com\/dashboard\/wp-content\/uploads\/2024\/08\/2023-Okomu-Main-Estate-NR-traceability-data.pdf\" rel=\"attachment noopener wp-att-4934\" target=\"_blank\">Tra\u00e7abilit\u00e9 &#8211; caoutchouc &#8211; Main Estate (2023)<\/a><\/li>\n<li><a href=\"http:\/\/socfin.com\/dashboard\/wp-content\/uploads\/2024\/08\/2023-Okomu-Main-Estate-PK-traceability-data.pdf\" rel=\"attachment noopener wp-att-4940\" target=\"_blank\">Tra\u00e7abilit\u00e9 &#8211; huile de palmiste &#8211; Main Estate (2023)<\/a><\/li>\n<\/ul>\n<p>[\/et_pb_tab][et_pb_tab title=&#8221;Cartes KML&#8221; _builder_version=&#8221;4.26.1&#8243; _module_preset=&#8221;default&#8221; global_colors_info=&#8221;{}&#8221;]<\/p>\n<ul>\n<li><a href=\"http:\/\/socfin.com\/dashboard\/wp-content\/uploads\/2021\/09\/2017-Okomu-Concession-Map.pdf\" rel=\"attachment wp-att-1227 noopener noreferrer\" target=\"_blank\"><\/a><a href=\"http:\/\/socfin.com\/dashboard\/wp-content\/uploads\/2021\/10\/2020-Okomu-Main-Estate-and-Extension-1-Concessions-maps.pdf\" target=\"_blank\" rel=\"attachment wp-att-2389 noopener noreferrer\">Carte (Main Estate and Extension 1)<\/a><\/li>\n<li><a href=\"http:\/\/socfin.com\/dashboard\/wp-content\/uploads\/2021\/10\/2020-Okomu-Extension-2-Concession-map.pdf\" rel=\"attachment wp-att-2391 noopener noreferrer\" target=\"_blank\">Carte (Extension 2)<\/a><\/li>\n<li><a href=\"http:\/\/socfin.com\/dashboard\/wp-content\/uploads\/2021\/10\/Okomu-KML.zip\" rel=\"attachment wp-att-2397 noopener noreferrer\" target=\"_blank\">KML<\/a><\/li>\n<\/ul>\n<p>[\/et_pb_tab][\/et_pb_tabs][\/et_pb_column][\/et_pb_row][et_pb_row column_structure=&#8221;1_2,1_2&#8243; _builder_version=&#8221;4.16&#8243; _module_preset=&#8221;default&#8221; global_colors_info=&#8221;{}&#8221;][et_pb_column type=&#8221;1_2&#8243; _builder_version=&#8221;4.16&#8243; _module_preset=&#8221;default&#8221; global_colors_info=&#8221;{}&#8221;][et_pb_text _builder_version=&#8221;4.26.1&#8243; _module_preset=&#8221;default&#8221; text_text_color=&#8221;#FFFFFF&#8221; background_color=&#8221;#636466&#8243; min_height=&#8221;21px&#8221; global_colors_info=&#8221;{}&#8221;]<\/p>\n<p style=\"text-align: center;\">Cartes de la concession de la plantation d&#8217;Okomu<\/p>\n<p>[\/et_pb_text][et_pb_image src=&#8221;http:\/\/socfin.com\/dashboard\/wp-content\/uploads\/2021\/10\/2020-Okomu-Main-Estate-and-Extension-1-Concessions-maps-scaled.jpg&#8221; title_text=&#8221;2020 &#8211; Okomu &#8211; Main Estate and Extension 1 &#8211; Concessions maps&#8221; _builder_version=&#8221;4.16&#8243; _module_preset=&#8221;default&#8221; global_colors_info=&#8221;{}&#8221;][\/et_pb_image][et_pb_image src=&#8221;http:\/\/socfin.com\/dashboard\/wp-content\/uploads\/2021\/10\/2020-Okomu-Extension-2-Concession-map-scaled.jpg&#8221; title_text=&#8221;2020 &#8211; Okomu &#8211; Extension 2 &#8211; Concession map&#8221; _builder_version=&#8221;4.16&#8243; _module_preset=&#8221;default&#8221; global_colors_info=&#8221;{}&#8221;][\/et_pb_image][\/et_pb_column][et_pb_column type=&#8221;1_2&#8243; _builder_version=&#8221;4.16&#8243; _module_preset=&#8221;default&#8221; global_colors_info=&#8221;{}&#8221;][\/et_pb_column][\/et_pb_row][et_pb_row _builder_version=&#8221;4.16&#8243; _module_preset=&#8221;default&#8221; global_colors_info=&#8221;{}&#8221;][et_pb_column type=&#8221;4_4&#8243; _builder_version=&#8221;4.16&#8243; _module_preset=&#8221;default&#8221; global_colors_info=&#8221;{}&#8221;][et_pb_text module_class=&#8221;table-content&#8221; _builder_version=&#8221;4.27.4&#8243; _module_preset=&#8221;default&#8221; hover_enabled=&#8221;0&#8243; global_colors_info=&#8221;{}&#8221; sticky_enabled=&#8221;0&#8243;]<\/p>\n<table>\n<tbody>\n<tr>\n<td><\/td>\n<td>Certifications<\/td>\n<td>Objectif<\/td>\n<td>Statut<\/td>\n<\/tr>\n<tr>\n<td>\n<img loading=\"lazy\" decoding=\"async\" src=\"http:\/\/socfin.com\/dashboard\/wp-content\/uploads\/2021\/02\/image-023-296x300.png\" width=\"50\" height=\"51\" alt=\"RSPO\" class=\"wp-image-126 alignnone size-medium\" style=\"display: block; margin-left: auto; margin-right: auto;\" srcset=\"https:\/\/www.socfin.com\/dashboard\/wp-content\/uploads\/2021\/02\/image-023-296x300.png 296w, https:\/\/www.socfin.com\/dashboard\/wp-content\/uploads\/2021\/02\/image-023-150x150.png 150w, https:\/\/www.socfin.com\/dashboard\/wp-content\/uploads\/2021\/02\/image-023.png 395w\" sizes=\"(max-width: 50px) 100vw, 50px\" \/>\n<p style=\"text-align: center;\">1-0269-19-100-00<\/p>\n<\/td>\n<td>\u00a0RSPO<\/td>\n<td>\n<ol>\n<li>Okomu &#8211; CRT P&amp;C &#8211; 2019<\/li>\n<li>Okomu &#8211; CRT SCC &#8211; 2019<\/li>\n<li>Okomu &#8211; Extension 2 &#8211; CRT P&amp;C &#8211; 2023<\/li>\n<\/ol>\n<\/td>\n<td>\n<ol>\n<li>Atteint et valide jusqu&#8217;au 6 janvier 2030<\/li>\n<li>Atteint et valide jusqu&#8217;au 6 janvier 2030<\/li>\n<li>Atteint et valide jusqu&#8217;au 6 septembre 2028<\/li>\n<\/ol>\n<\/td>\n<\/tr>\n<tr>\n<td><img loading=\"lazy\" decoding=\"async\" src=\"http:\/\/socfin.com\/dashboard\/wp-content\/uploads\/2021\/09\/Logo_Iso.gif\" width=\"50\" height=\"46\" alt=\"\" class=\"wp-image-1418 alignnone size-full\" style=\"display: block; margin-left: auto; margin-right: auto;\" \/><\/td>\n<td>\u00a0ISO 9001<\/td>\n<td>\n<ol>\n<li>Okomu &#8211; 2012<\/li>\n<li>Okomu &#8211; Extension 2 &#8211; 2023<\/li>\n<\/ol>\n<\/td>\n<td>\n<ol>\n<li>Atteint et valide jusqu&#8217;au 20 septembre 2026<\/li>\n<li>Atteint et valide jusqu&#8217;au 23 octobre 2026<\/li>\n<\/ol>\n<\/td>\n<\/tr>\n<tr>\n<td><img loading=\"lazy\" decoding=\"async\" src=\"http:\/\/socfin.com\/dashboard\/wp-content\/uploads\/2021\/09\/Logo_Iso.gif\" width=\"50\" height=\"46\" alt=\"\" class=\"wp-image-1418 alignnone size-full\" style=\"display: block; margin-left: auto; margin-right: auto;\" \/><\/td>\n<td>\u00a0ISO 14001<\/td>\n<td>2014<\/td>\n<td>Atteint et valide jusqu&#8217;au 27 juillet 2026<\/td>\n<\/tr>\n<tr>\n<td><img loading=\"lazy\" decoding=\"async\" src=\"http:\/\/socfin.com\/dashboard\/wp-content\/uploads\/2021\/09\/Logo_Iso.gif\" width=\"50\" height=\"46\" alt=\"\" class=\"wp-image-1418 alignnone size-full\" style=\"display: block; margin-left: auto; margin-right: auto;\" \/><\/td>\n<td>\u00a0ISO 45001<\/td>\n<td>2021<\/td>\n<td>Atteint et valide jusqu&#8217;au 26 janvier 2027<\/td>\n<\/tr>\n<tr>\n<td><\/td>\n<td>Halal<\/td>\n<td>N\/A<\/td>\n<td>Atteint et valide jusqu&#8217;au 30 octobre 2025<\/td>\n<\/tr>\n<\/tbody>\n<\/table>\n<p>[\/et_pb_text][\/et_pb_column][\/et_pb_row][\/et_pb_section]<\/p>\n","protected":false},"excerpt":{"rendered":"<p>Chiffres cl\u00e9s au 31\/12\/2023Acquise par Socfin en 1990Extension acquise par Socfin en 2014Concession de 33 113 ha2 huileries7 335 ha d&#8217;h\u00e9v\u00e9asProduction de 9 907 T de caoutchoucProduction de 987 T d&#8217;huile de palmisteDomaine de l\u2019\u00c9tat, bail emphyt\u00e9otique19 045 ha de palmiers \u00e0 huileProduction de 69 536 T d\u2019huile de palme1 usine \u00e0 caoutchouc1 palmisterie6 786 [&hellip;]<\/p>\n","protected":false},"author":2,"featured_media":0,"parent":218,"menu_order":0,"comment_status":"closed","ping_status":"closed","template":"","meta":{"_et_pb_use_builder":"on","_et_pb_old_content":"","_et_gb_content_width":"","inline_featured_image":false,"footnotes":""},"class_list":["post-988","page","type-page","status-publish","hentry"],"_links":{"self":[{"href":"https:\/\/www.socfin.com\/dashboard\/wp-json\/wp\/v2\/pages\/988","targetHints":{"allow":["GET"]}}],"collection":[{"href":"https:\/\/www.socfin.com\/dashboard\/wp-json\/wp\/v2\/pages"}],"about":[{"href":"https:\/\/www.socfin.com\/dashboard\/wp-json\/wp\/v2\/types\/page"}],"author":[{"embeddable":true,"href":"https:\/\/www.socfin.com\/dashboard\/wp-json\/wp\/v2\/users\/2"}],"replies":[{"embeddable":true,"href":"https:\/\/www.socfin.com\/dashboard\/wp-json\/wp\/v2\/comments?post=988"}],"version-history":[{"count":25,"href":"https:\/\/www.socfin.com\/dashboard\/wp-json\/wp\/v2\/pages\/988\/revisions"}],"predecessor-version":[{"id":5313,"href":"https:\/\/www.socfin.com\/dashboard\/wp-json\/wp\/v2\/pages\/988\/revisions\/5313"}],"up":[{"embeddable":true,"href":"https:\/\/www.socfin.com\/dashboard\/wp-json\/wp\/v2\/pages\/218"}],"wp:attachment":[{"href":"https:\/\/www.socfin.com\/dashboard\/wp-json\/wp\/v2\/media?parent=988"}],"curies":[{"name":"wp","href":"https:\/\/api.w.org\/{rel}","templated":true}]}}